{"id":3848,"date":"2026-03-26T14:56:04","date_gmt":"2026-03-26T13:56:04","guid":{"rendered":"https:\/\/eitherm.ch\/neu\/product\/50-lt-puk-kaeltepufferspeicher-ohne-register-ohne-flansch-mit-isolation\/"},"modified":"2026-03-26T14:56:09","modified_gmt":"2026-03-26T13:56:09","slug":"50-lt-puk-kaeltepufferspeicher-ohne-register-ohne-flansch-mit-isolation","status":"publish","type":"product","link":"https:\/\/eitherm.ch\/neu\/product\/50-lt-puk-kaeltepufferspeicher-ohne-register-ohne-flansch-mit-isolation\/","title":{"rendered":"50 lt PUK: K\u00e4ltepufferspeicher, ohne Register, ohne Flansch &#8211; mit Isolation"},"content":{"rendered":"<p>Inhalt: 51 lt<br \/>\n\u00d8 mit Isolierung: 400 mm<br \/>\nH\u00f6he mit Isolierung: 898 mm<br \/>\nKippmass: 990 mm<br \/>\nBetriebsdruck Wasser: 3 bar (Pr\u00fcfdruck 4.5)<br \/>\nGewicht: 50 kg mit Isolation<br \/>\nGlattrohrw\u00e4rmetauscher:<br \/>\noben: 3.5 m2<br \/>\nunten: 6.1 m2<br \/>\nIsolierung: &#8211; ohne Isolation<\/p>\n<p>Bauart: Pufferspeicher aus Qualit\u00e4tsstahl S275JR nach DIN 4753, innen roh aussen Rostschutzanstrich<\/p>\n","protected":false},"excerpt":{"rendered":"<p>Inhalt: 51 lt \u00d8 mit Isolierung: 400 mm H\u00f6he mit Isolierung: 898 mm Kippmass: 990 mm Betriebsdruck Wasser: 3 bar (Pr\u00fcfdruck 4.5) Gewicht: 50 kg mit Isolation Glattrohrw\u00e4rmetauscher: oben: 3.5 m2 unten: 6.1 m2 Isolierung: &#8211; ohne Isolation Bauart: Pufferspeicher aus Qualit\u00e4tsstahl S275JR nach DIN 4753, innen roh aussen Rostschutzanstrich<\/p>\n","protected":false},"featured_media":0,"template":"","meta":[],"product_cat":[128],"product_tag":[],"class_list":["post-3848","product","type-product","status-publish","hentry","product_cat-boiler-speicher-puffer"],"acf":[],"yoast_head":"<!-- This site is optimized with the Yoast SEO plugin v26.9 - https:\/\/yoast.com\/product\/yoast-seo-wordpress\/ -->\r\n<title>50 lt PUK: K\u00e4ltepufferspeicher, ohne Register, ohne Flansch - mit Isolation - EiTherm<\/title>\r\n<meta name=\"robots\" content=\"index, follow, max-snippet:-1, max-image-preview:large, max-video-preview:-1\" \/>\r\n<link rel=\"canonical\" href=\"https:\/\/eitherm.ch\/neu\/product\/50-lt-puk-kaeltepufferspeicher-ohne-register-ohne-flansch-mit-isolation\/\" \/>\r\n<meta property=\"og:locale\" content=\"de_DE\" \/>\r\n<meta property=\"og:type\" content=\"article\" \/>\r\n<meta property=\"og:title\" content=\"50 lt PUK: K\u00e4ltepufferspeicher, ohne Register, ohne Flansch - mit Isolation - EiTherm\" \/>\r\n<meta property=\"og:description\" content=\"Inhalt: 51 lt \u00d8 mit Isolierung: 400 mm H\u00f6he mit Isolierung: 898 mm Kippmass: 990 mm Betriebsdruck Wasser: 3 bar (Pr\u00fcfdruck 4.5) Gewicht: 50 kg mit Isolation Glattrohrw\u00e4rmetauscher: oben: 3.5 m2 unten: 6.1 m2 Isolierung: &#8211; ohne Isolation Bauart: Pufferspeicher aus Qualit\u00e4tsstahl S275JR nach DIN 4753, innen roh aussen Rostschutzanstrich\" \/>\r\n<meta property=\"og:url\" content=\"https:\/\/eitherm.ch\/neu\/product\/50-lt-puk-kaeltepufferspeicher-ohne-register-ohne-flansch-mit-isolation\/\" \/>\r\n<meta property=\"og:site_name\" content=\"EiTherm\" \/>\r\n<meta property=\"article:modified_time\" content=\"2026-03-26T13:56:09+00:00\" \/>\r\n<meta name=\"twitter:card\" content=\"summary_large_image\" \/>\r\n<script type=\"application\/ld+json\" class=\"yoast-schema-graph\">{\"@context\":\"https:\/\/schema.org\",\"@graph\":[{\"@type\":\"WebPage\",\"@id\":\"https:\/\/eitherm.ch\/neu\/product\/50-lt-puk-kaeltepufferspeicher-ohne-register-ohne-flansch-mit-isolation\/\",\"url\":\"https:\/\/eitherm.ch\/neu\/product\/50-lt-puk-kaeltepufferspeicher-ohne-register-ohne-flansch-mit-isolation\/\",\"name\":\"50 lt PUK: K\u00e4ltepufferspeicher, ohne Register, ohne Flansch - mit Isolation - EiTherm\",\"isPartOf\":{\"@id\":\"https:\/\/eitherm.ch\/neu\/#website\"},\"datePublished\":\"2026-03-26T13:56:04+00:00\",\"dateModified\":\"2026-03-26T13:56:09+00:00\",\"breadcrumb\":{\"@id\":\"https:\/\/eitherm.ch\/neu\/product\/50-lt-puk-kaeltepufferspeicher-ohne-register-ohne-flansch-mit-isolation\/#breadcrumb\"},\"inLanguage\":\"de-CH\",\"potentialAction\":[{\"@type\":\"ReadAction\",\"target\":[\"https:\/\/eitherm.ch\/neu\/product\/50-lt-puk-kaeltepufferspeicher-ohne-register-ohne-flansch-mit-isolation\/\"]}]},{\"@type\":\"BreadcrumbList\",\"@id\":\"https:\/\/eitherm.ch\/neu\/product\/50-lt-puk-kaeltepufferspeicher-ohne-register-ohne-flansch-mit-isolation\/#breadcrumb\",\"itemListElement\":[{\"@type\":\"ListItem\",\"position\":1,\"name\":\"Startseite\",\"item\":\"https:\/\/eitherm.ch\/neu\/\"},{\"@type\":\"ListItem\",\"position\":2,\"name\":\"Shop\",\"item\":\"https:\/\/eitherm.ch\/neu\/shop-2\/\"},{\"@type\":\"ListItem\",\"position\":3,\"name\":\"50 lt PUK: K\u00e4ltepufferspeicher, ohne Register, ohne Flansch &#8211; mit Isolation\"}]},{\"@type\":\"WebSite\",\"@id\":\"https:\/\/eitherm.ch\/neu\/#website\",\"url\":\"https:\/\/eitherm.ch\/neu\/\",\"name\":\"EiTherm\",\"description\":\"\",\"publisher\":{\"@id\":\"https:\/\/eitherm.ch\/neu\/#organization\"},\"potentialAction\":[{\"@type\":\"SearchAction\",\"target\":{\"@type\":\"EntryPoint\",\"urlTemplate\":\"https:\/\/eitherm.ch\/neu\/?s={search_term_string}\"},\"query-input\":{\"@type\":\"PropertyValueSpecification\",\"valueRequired\":true,\"valueName\":\"search_term_string\"}}],\"inLanguage\":\"de-CH\"},{\"@type\":\"Organization\",\"@id\":\"https:\/\/eitherm.ch\/neu\/#organization\",\"name\":\"EiTherm GmbH\",\"url\":\"https:\/\/eitherm.ch\/neu\/\",\"logo\":{\"@type\":\"ImageObject\",\"inLanguage\":\"de-CH\",\"@id\":\"https:\/\/eitherm.ch\/neu\/#\/schema\/logo\/image\/\",\"url\":\"https:\/\/eitherm.ch\/neu\/wp-content\/uploads\/logo-1-e1669223794913.png\",\"contentUrl\":\"https:\/\/eitherm.ch\/neu\/wp-content\/uploads\/logo-1-e1669223794913.png\",\"width\":48,\"height\":44,\"caption\":\"EiTherm GmbH\"},\"image\":{\"@id\":\"https:\/\/eitherm.ch\/neu\/#\/schema\/logo\/image\/\"}}]}<\/script>\r\n<!-- \/ Yoast SEO plugin. -->","yoast_head_json":{"title":"50 lt PUK: K\u00e4ltepufferspeicher, ohne Register, ohne Flansch - mit Isolation - EiTherm","robots":{"index":"index","follow":"follow","max-snippet":"max-snippet:-1","max-image-preview":"max-image-preview:large","max-video-preview":"max-video-preview:-1"},"canonical":"https:\/\/eitherm.ch\/neu\/product\/50-lt-puk-kaeltepufferspeicher-ohne-register-ohne-flansch-mit-isolation\/","og_locale":"de_DE","og_type":"article","og_title":"50 lt PUK: K\u00e4ltepufferspeicher, ohne Register, ohne Flansch - mit Isolation - EiTherm","og_description":"Inhalt: 51 lt \u00d8 mit Isolierung: 400 mm H\u00f6he mit Isolierung: 898 mm Kippmass: 990 mm Betriebsdruck Wasser: 3 bar (Pr\u00fcfdruck 4.5) Gewicht: 50 kg mit Isolation Glattrohrw\u00e4rmetauscher: oben: 3.5 m2 unten: 6.1 m2 Isolierung: &#8211; ohne Isolation Bauart: Pufferspeicher aus Qualit\u00e4tsstahl S275JR nach DIN 4753, innen roh aussen Rostschutzanstrich","og_url":"https:\/\/eitherm.ch\/neu\/product\/50-lt-puk-kaeltepufferspeicher-ohne-register-ohne-flansch-mit-isolation\/","og_site_name":"EiTherm","article_modified_time":"2026-03-26T13:56:09+00:00","twitter_card":"summary_large_image","schema":{"@context":"https:\/\/schema.org","@graph":[{"@type":"WebPage","@id":"https:\/\/eitherm.ch\/neu\/product\/50-lt-puk-kaeltepufferspeicher-ohne-register-ohne-flansch-mit-isolation\/","url":"https:\/\/eitherm.ch\/neu\/product\/50-lt-puk-kaeltepufferspeicher-ohne-register-ohne-flansch-mit-isolation\/","name":"50 lt PUK: K\u00e4ltepufferspeicher, ohne Register, ohne Flansch - mit Isolation - EiTherm","isPartOf":{"@id":"https:\/\/eitherm.ch\/neu\/#website"},"datePublished":"2026-03-26T13:56:04+00:00","dateModified":"2026-03-26T13:56:09+00:00","breadcrumb":{"@id":"https:\/\/eitherm.ch\/neu\/product\/50-lt-puk-kaeltepufferspeicher-ohne-register-ohne-flansch-mit-isolation\/#breadcrumb"},"inLanguage":"de-CH","potentialAction":[{"@type":"ReadAction","target":["https:\/\/eitherm.ch\/neu\/product\/50-lt-puk-kaeltepufferspeicher-ohne-register-ohne-flansch-mit-isolation\/"]}]},{"@type":"BreadcrumbList","@id":"https:\/\/eitherm.ch\/neu\/product\/50-lt-puk-kaeltepufferspeicher-ohne-register-ohne-flansch-mit-isolation\/#breadcrumb","itemListElement":[{"@type":"ListItem","position":1,"name":"Startseite","item":"https:\/\/eitherm.ch\/neu\/"},{"@type":"ListItem","position":2,"name":"Shop","item":"https:\/\/eitherm.ch\/neu\/shop-2\/"},{"@type":"ListItem","position":3,"name":"50 lt PUK: K\u00e4ltepufferspeicher, ohne Register, ohne Flansch &#8211; mit Isolation"}]},{"@type":"WebSite","@id":"https:\/\/eitherm.ch\/neu\/#website","url":"https:\/\/eitherm.ch\/neu\/","name":"EiTherm","description":"","publisher":{"@id":"https:\/\/eitherm.ch\/neu\/#organization"},"potentialAction":[{"@type":"SearchAction","target":{"@type":"EntryPoint","urlTemplate":"https:\/\/eitherm.ch\/neu\/?s={search_term_string}"},"query-input":{"@type":"PropertyValueSpecification","valueRequired":true,"valueName":"search_term_string"}}],"inLanguage":"de-CH"},{"@type":"Organization","@id":"https:\/\/eitherm.ch\/neu\/#organization","name":"EiTherm GmbH","url":"https:\/\/eitherm.ch\/neu\/","logo":{"@type":"ImageObject","inLanguage":"de-CH","@id":"https:\/\/eitherm.ch\/neu\/#\/schema\/logo\/image\/","url":"https:\/\/eitherm.ch\/neu\/wp-content\/uploads\/logo-1-e1669223794913.png","contentUrl":"https:\/\/eitherm.ch\/neu\/wp-content\/uploads\/logo-1-e1669223794913.png","width":48,"height":44,"caption":"EiTherm GmbH"},"image":{"@id":"https:\/\/eitherm.ch\/neu\/#\/schema\/logo\/image\/"}}]}},"jetpack_sharing_enabled":true,"_links":{"self":[{"href":"https:\/\/eitherm.ch\/neu\/wp-json\/wp\/v2\/product\/3848","targetHints":{"allow":["GET"]}}],"collection":[{"href":"https:\/\/eitherm.ch\/neu\/wp-json\/wp\/v2\/product"}],"about":[{"href":"https:\/\/eitherm.ch\/neu\/wp-json\/wp\/v2\/types\/product"}],"wp:attachment":[{"href":"https:\/\/eitherm.ch\/neu\/wp-json\/wp\/v2\/media?parent=3848"}],"wp:term":[{"taxonomy":"product_cat","embeddable":true,"href":"https:\/\/eitherm.ch\/neu\/wp-json\/wp\/v2\/product_cat?post=3848"},{"taxonomy":"product_tag","embeddable":true,"href":"https:\/\/eitherm.ch\/neu\/wp-json\/wp\/v2\/product_tag?post=3848"}],"curies":[{"name":"wp","href":"https:\/\/api.w.org\/{rel}","templated":true}]}}