{"id":3842,"date":"2026-03-26T14:56:04","date_gmt":"2026-03-26T13:56:04","guid":{"rendered":"https:\/\/eitherm.ch\/neu\/product\/1950-lt-psrr-pufferspeicher-mit-2-register-ohne-flansch-ohne-isolation\/"},"modified":"2026-03-26T14:56:06","modified_gmt":"2026-03-26T13:56:06","slug":"1950-lt-psrr-pufferspeicher-mit-2-register-ohne-flansch-ohne-isolation","status":"publish","type":"product","link":"https:\/\/eitherm.ch\/neu\/product\/1950-lt-psrr-pufferspeicher-mit-2-register-ohne-flansch-ohne-isolation\/","title":{"rendered":"1950 lt PSRR: Pufferspeicher, mit 2 Register, ohne Flansch &#8211; ohne Isolation"},"content":{"rendered":"<p>Inhalt: 2005 lt<br \/>\n\u00d8 ohne Isolierung: 1250 mm<br \/>\n\u00d8 mit Isolierung = \u00d8 ohne Isolierung plus 2x Dicke der gew\u00e4hlten Isolierung<br \/>\nEinbringmass (Anschl\u00fcsse 100 mm): 1250 mm<br \/>\nH\u00f6he ohne Isolierung: 2007 mm<br \/>\nKippmass: 2050 mm<br \/>\nBetriebsdruck Heizung: 3 bar (Pr\u00fcfdruck 4.5)<br \/>\nBetriebsdruck Wasser: 6 bar (Pr\u00fcfdruck 12)<br \/>\nMax. Betriebs-Temperatur: 95 \u00b0 C<br \/>\nGewicht: 290 kg plus Gewicht gew\u00e4hlte Isolation<br \/>\nGlattrohrw\u00e4rmetauscher:<br \/>\noben: 2.3 m2<br \/>\nunten: 3.0 m2<br \/>\nIsolierung: &#8211; ohne Isolation<\/p>\n<p>Bauart: Pufferspeicher aus Qualit\u00e4tsstahl S275JR nach DIN 4753, innen roh aussen Rostschutzanstrich<\/p>\n","protected":false},"excerpt":{"rendered":"<p>Inhalt: 2005 lt \u00d8 ohne Isolierung: 1250 mm \u00d8 mit Isolierung = \u00d8 ohne Isolierung plus 2x Dicke der gew\u00e4hlten Isolierung Einbringmass (Anschl\u00fcsse 100 mm): 1250 mm H\u00f6he ohne Isolierung: 2007 mm Kippmass: 2050 mm Betriebsdruck Heizung: 3 bar (Pr\u00fcfdruck 4.5) Betriebsdruck Wasser: 6 bar (Pr\u00fcfdruck 12) Max. Betriebs-Temperatur: 95 \u00b0 C Gewicht: 290 kg [&hellip;]<\/p>\n","protected":false},"featured_media":3833,"template":"","meta":[],"product_cat":[128],"product_tag":[],"class_list":["post-3842","product","type-product","status-publish","has-post-thumbnail","hentry","product_cat-boiler-speicher-puffer"],"acf":[],"yoast_head":"<!-- This site is optimized with the Yoast SEO plugin v26.9 - https:\/\/yoast.com\/product\/yoast-seo-wordpress\/ -->\r\n<title>1950 lt PSRR: Pufferspeicher, mit 2 Register, ohne Flansch - ohne Isolation - EiTherm<\/title>\r\n<meta name=\"robots\" content=\"index, follow, max-snippet:-1, max-image-preview:large, max-video-preview:-1\" \/>\r\n<link rel=\"canonical\" href=\"https:\/\/eitherm.ch\/neu\/product\/1950-lt-psrr-pufferspeicher-mit-2-register-ohne-flansch-ohne-isolation\/\" \/>\r\n<meta property=\"og:locale\" content=\"de_DE\" \/>\r\n<meta property=\"og:type\" content=\"article\" \/>\r\n<meta property=\"og:title\" content=\"1950 lt PSRR: Pufferspeicher, mit 2 Register, ohne Flansch - ohne Isolation - EiTherm\" \/>\r\n<meta property=\"og:description\" content=\"Inhalt: 2005 lt \u00d8 ohne Isolierung: 1250 mm \u00d8 mit Isolierung = \u00d8 ohne Isolierung plus 2x Dicke der gew\u00e4hlten Isolierung Einbringmass (Anschl\u00fcsse 100 mm): 1250 mm H\u00f6he ohne Isolierung: 2007 mm Kippmass: 2050 mm Betriebsdruck Heizung: 3 bar (Pr\u00fcfdruck 4.5) Betriebsdruck Wasser: 6 bar (Pr\u00fcfdruck 12) Max. Betriebs-Temperatur: 95 \u00b0 C Gewicht: 290 kg [&hellip;]\" \/>\r\n<meta property=\"og:url\" content=\"https:\/\/eitherm.ch\/neu\/product\/1950-lt-psrr-pufferspeicher-mit-2-register-ohne-flansch-ohne-isolation\/\" \/>\r\n<meta property=\"og:site_name\" content=\"EiTherm\" \/>\r\n<meta property=\"article:modified_time\" content=\"2026-03-26T13:56:06+00:00\" \/>\r\n<meta property=\"og:image\" content=\"https:\/\/eitherm.ch\/neu\/wp-content\/uploads\/PSRR_schnitt-scaled.png\" \/>\r\n\t<meta property=\"og:image:width\" content=\"1312\" \/>\r\n\t<meta property=\"og:image:height\" content=\"2560\" \/>\r\n\t<meta property=\"og:image:type\" content=\"image\/png\" \/>\r\n<meta name=\"twitter:card\" content=\"summary_large_image\" \/>\r\n<script type=\"application\/ld+json\" class=\"yoast-schema-graph\">{\"@context\":\"https:\/\/schema.org\",\"@graph\":[{\"@type\":\"WebPage\",\"@id\":\"https:\/\/eitherm.ch\/neu\/product\/1950-lt-psrr-pufferspeicher-mit-2-register-ohne-flansch-ohne-isolation\/\",\"url\":\"https:\/\/eitherm.ch\/neu\/product\/1950-lt-psrr-pufferspeicher-mit-2-register-ohne-flansch-ohne-isolation\/\",\"name\":\"1950 lt PSRR: Pufferspeicher, mit 2 Register, ohne Flansch - ohne Isolation - EiTherm\",\"isPartOf\":{\"@id\":\"https:\/\/eitherm.ch\/neu\/#website\"},\"primaryImageOfPage\":{\"@id\":\"https:\/\/eitherm.ch\/neu\/product\/1950-lt-psrr-pufferspeicher-mit-2-register-ohne-flansch-ohne-isolation\/#primaryimage\"},\"image\":{\"@id\":\"https:\/\/eitherm.ch\/neu\/product\/1950-lt-psrr-pufferspeicher-mit-2-register-ohne-flansch-ohne-isolation\/#primaryimage\"},\"thumbnailUrl\":\"https:\/\/eitherm.ch\/neu\/wp-content\/uploads\/PSRR_schnitt-scaled.png\",\"datePublished\":\"2026-03-26T13:56:04+00:00\",\"dateModified\":\"2026-03-26T13:56:06+00:00\",\"breadcrumb\":{\"@id\":\"https:\/\/eitherm.ch\/neu\/product\/1950-lt-psrr-pufferspeicher-mit-2-register-ohne-flansch-ohne-isolation\/#breadcrumb\"},\"inLanguage\":\"de-CH\",\"potentialAction\":[{\"@type\":\"ReadAction\",\"target\":[\"https:\/\/eitherm.ch\/neu\/product\/1950-lt-psrr-pufferspeicher-mit-2-register-ohne-flansch-ohne-isolation\/\"]}]},{\"@type\":\"ImageObject\",\"inLanguage\":\"de-CH\",\"@id\":\"https:\/\/eitherm.ch\/neu\/product\/1950-lt-psrr-pufferspeicher-mit-2-register-ohne-flansch-ohne-isolation\/#primaryimage\",\"url\":\"https:\/\/eitherm.ch\/neu\/wp-content\/uploads\/PSRR_schnitt-scaled.png\",\"contentUrl\":\"https:\/\/eitherm.ch\/neu\/wp-content\/uploads\/PSRR_schnitt-scaled.png\",\"width\":1312,\"height\":2560},{\"@type\":\"BreadcrumbList\",\"@id\":\"https:\/\/eitherm.ch\/neu\/product\/1950-lt-psrr-pufferspeicher-mit-2-register-ohne-flansch-ohne-isolation\/#breadcrumb\",\"itemListElement\":[{\"@type\":\"ListItem\",\"position\":1,\"name\":\"Startseite\",\"item\":\"https:\/\/eitherm.ch\/neu\/\"},{\"@type\":\"ListItem\",\"position\":2,\"name\":\"Shop\",\"item\":\"https:\/\/eitherm.ch\/neu\/shop-2\/\"},{\"@type\":\"ListItem\",\"position\":3,\"name\":\"1950 lt PSRR: Pufferspeicher, mit 2 Register, ohne Flansch &#8211; ohne Isolation\"}]},{\"@type\":\"WebSite\",\"@id\":\"https:\/\/eitherm.ch\/neu\/#website\",\"url\":\"https:\/\/eitherm.ch\/neu\/\",\"name\":\"EiTherm\",\"description\":\"\",\"publisher\":{\"@id\":\"https:\/\/eitherm.ch\/neu\/#organization\"},\"potentialAction\":[{\"@type\":\"SearchAction\",\"target\":{\"@type\":\"EntryPoint\",\"urlTemplate\":\"https:\/\/eitherm.ch\/neu\/?s={search_term_string}\"},\"query-input\":{\"@type\":\"PropertyValueSpecification\",\"valueRequired\":true,\"valueName\":\"search_term_string\"}}],\"inLanguage\":\"de-CH\"},{\"@type\":\"Organization\",\"@id\":\"https:\/\/eitherm.ch\/neu\/#organization\",\"name\":\"EiTherm GmbH\",\"url\":\"https:\/\/eitherm.ch\/neu\/\",\"logo\":{\"@type\":\"ImageObject\",\"inLanguage\":\"de-CH\",\"@id\":\"https:\/\/eitherm.ch\/neu\/#\/schema\/logo\/image\/\",\"url\":\"https:\/\/eitherm.ch\/neu\/wp-content\/uploads\/logo-1-e1669223794913.png\",\"contentUrl\":\"https:\/\/eitherm.ch\/neu\/wp-content\/uploads\/logo-1-e1669223794913.png\",\"width\":48,\"height\":44,\"caption\":\"EiTherm GmbH\"},\"image\":{\"@id\":\"https:\/\/eitherm.ch\/neu\/#\/schema\/logo\/image\/\"}}]}<\/script>\r\n<!-- \/ Yoast SEO plugin. -->","yoast_head_json":{"title":"1950 lt PSRR: Pufferspeicher, mit 2 Register, ohne Flansch - ohne Isolation - EiTherm","robots":{"index":"index","follow":"follow","max-snippet":"max-snippet:-1","max-image-preview":"max-image-preview:large","max-video-preview":"max-video-preview:-1"},"canonical":"https:\/\/eitherm.ch\/neu\/product\/1950-lt-psrr-pufferspeicher-mit-2-register-ohne-flansch-ohne-isolation\/","og_locale":"de_DE","og_type":"article","og_title":"1950 lt PSRR: Pufferspeicher, mit 2 Register, ohne Flansch - ohne Isolation - EiTherm","og_description":"Inhalt: 2005 lt \u00d8 ohne Isolierung: 1250 mm \u00d8 mit Isolierung = \u00d8 ohne Isolierung plus 2x Dicke der gew\u00e4hlten Isolierung Einbringmass (Anschl\u00fcsse 100 mm): 1250 mm H\u00f6he ohne Isolierung: 2007 mm Kippmass: 2050 mm Betriebsdruck Heizung: 3 bar (Pr\u00fcfdruck 4.5) Betriebsdruck Wasser: 6 bar (Pr\u00fcfdruck 12) Max. Betriebs-Temperatur: 95 \u00b0 C Gewicht: 290 kg [&hellip;]","og_url":"https:\/\/eitherm.ch\/neu\/product\/1950-lt-psrr-pufferspeicher-mit-2-register-ohne-flansch-ohne-isolation\/","og_site_name":"EiTherm","article_modified_time":"2026-03-26T13:56:06+00:00","og_image":[{"width":1312,"height":2560,"url":"https:\/\/eitherm.ch\/neu\/wp-content\/uploads\/PSRR_schnitt-scaled.png","type":"image\/png"}],"twitter_card":"summary_large_image","schema":{"@context":"https:\/\/schema.org","@graph":[{"@type":"WebPage","@id":"https:\/\/eitherm.ch\/neu\/product\/1950-lt-psrr-pufferspeicher-mit-2-register-ohne-flansch-ohne-isolation\/","url":"https:\/\/eitherm.ch\/neu\/product\/1950-lt-psrr-pufferspeicher-mit-2-register-ohne-flansch-ohne-isolation\/","name":"1950 lt PSRR: Pufferspeicher, mit 2 Register, ohne Flansch - ohne Isolation - EiTherm","isPartOf":{"@id":"https:\/\/eitherm.ch\/neu\/#website"},"primaryImageOfPage":{"@id":"https:\/\/eitherm.ch\/neu\/product\/1950-lt-psrr-pufferspeicher-mit-2-register-ohne-flansch-ohne-isolation\/#primaryimage"},"image":{"@id":"https:\/\/eitherm.ch\/neu\/product\/1950-lt-psrr-pufferspeicher-mit-2-register-ohne-flansch-ohne-isolation\/#primaryimage"},"thumbnailUrl":"https:\/\/eitherm.ch\/neu\/wp-content\/uploads\/PSRR_schnitt-scaled.png","datePublished":"2026-03-26T13:56:04+00:00","dateModified":"2026-03-26T13:56:06+00:00","breadcrumb":{"@id":"https:\/\/eitherm.ch\/neu\/product\/1950-lt-psrr-pufferspeicher-mit-2-register-ohne-flansch-ohne-isolation\/#breadcrumb"},"inLanguage":"de-CH","potentialAction":[{"@type":"ReadAction","target":["https:\/\/eitherm.ch\/neu\/product\/1950-lt-psrr-pufferspeicher-mit-2-register-ohne-flansch-ohne-isolation\/"]}]},{"@type":"ImageObject","inLanguage":"de-CH","@id":"https:\/\/eitherm.ch\/neu\/product\/1950-lt-psrr-pufferspeicher-mit-2-register-ohne-flansch-ohne-isolation\/#primaryimage","url":"https:\/\/eitherm.ch\/neu\/wp-content\/uploads\/PSRR_schnitt-scaled.png","contentUrl":"https:\/\/eitherm.ch\/neu\/wp-content\/uploads\/PSRR_schnitt-scaled.png","width":1312,"height":2560},{"@type":"BreadcrumbList","@id":"https:\/\/eitherm.ch\/neu\/product\/1950-lt-psrr-pufferspeicher-mit-2-register-ohne-flansch-ohne-isolation\/#breadcrumb","itemListElement":[{"@type":"ListItem","position":1,"name":"Startseite","item":"https:\/\/eitherm.ch\/neu\/"},{"@type":"ListItem","position":2,"name":"Shop","item":"https:\/\/eitherm.ch\/neu\/shop-2\/"},{"@type":"ListItem","position":3,"name":"1950 lt PSRR: Pufferspeicher, mit 2 Register, ohne Flansch &#8211; ohne Isolation"}]},{"@type":"WebSite","@id":"https:\/\/eitherm.ch\/neu\/#website","url":"https:\/\/eitherm.ch\/neu\/","name":"EiTherm","description":"","publisher":{"@id":"https:\/\/eitherm.ch\/neu\/#organization"},"potentialAction":[{"@type":"SearchAction","target":{"@type":"EntryPoint","urlTemplate":"https:\/\/eitherm.ch\/neu\/?s={search_term_string}"},"query-input":{"@type":"PropertyValueSpecification","valueRequired":true,"valueName":"search_term_string"}}],"inLanguage":"de-CH"},{"@type":"Organization","@id":"https:\/\/eitherm.ch\/neu\/#organization","name":"EiTherm GmbH","url":"https:\/\/eitherm.ch\/neu\/","logo":{"@type":"ImageObject","inLanguage":"de-CH","@id":"https:\/\/eitherm.ch\/neu\/#\/schema\/logo\/image\/","url":"https:\/\/eitherm.ch\/neu\/wp-content\/uploads\/logo-1-e1669223794913.png","contentUrl":"https:\/\/eitherm.ch\/neu\/wp-content\/uploads\/logo-1-e1669223794913.png","width":48,"height":44,"caption":"EiTherm GmbH"},"image":{"@id":"https:\/\/eitherm.ch\/neu\/#\/schema\/logo\/image\/"}}]}},"jetpack_sharing_enabled":true,"_links":{"self":[{"href":"https:\/\/eitherm.ch\/neu\/wp-json\/wp\/v2\/product\/3842","targetHints":{"allow":["GET"]}}],"collection":[{"href":"https:\/\/eitherm.ch\/neu\/wp-json\/wp\/v2\/product"}],"about":[{"href":"https:\/\/eitherm.ch\/neu\/wp-json\/wp\/v2\/types\/product"}],"wp:featuredmedia":[{"embeddable":true,"href":"https:\/\/eitherm.ch\/neu\/wp-json\/wp\/v2\/media\/3833"}],"wp:attachment":[{"href":"https:\/\/eitherm.ch\/neu\/wp-json\/wp\/v2\/media?parent=3842"}],"wp:term":[{"taxonomy":"product_cat","embeddable":true,"href":"https:\/\/eitherm.ch\/neu\/wp-json\/wp\/v2\/product_cat?post=3842"},{"taxonomy":"product_tag","embeddable":true,"href":"https:\/\/eitherm.ch\/neu\/wp-json\/wp\/v2\/product_tag?post=3842"}],"curies":[{"name":"wp","href":"https:\/\/api.w.org\/{rel}","templated":true}]}}