{"id":3828,"date":"2026-03-26T14:55:00","date_gmt":"2026-03-26T13:55:00","guid":{"rendered":"https:\/\/eitherm.ch\/neu\/product\/500-lt-psrr-fix-eingeschaeumter-pufferspeicher-mit-2-register-ohne-flansch\/"},"modified":"2026-03-26T14:55:09","modified_gmt":"2026-03-26T13:55:09","slug":"500-lt-psrr-fix-eingeschaeumter-pufferspeicher-mit-2-register-ohne-flansch","status":"publish","type":"product","link":"https:\/\/eitherm.ch\/neu\/product\/500-lt-psrr-fix-eingeschaeumter-pufferspeicher-mit-2-register-ohne-flansch\/","title":{"rendered":"500 lt PSRR: Fix eingesch\u00e4umter Pufferspeicher, mit 2 Register, ohne Flansch"},"content":{"rendered":"<p>Inhalt: 479 lt<br \/>\n\u00d8 mit Isolierung: 750 mm<br \/>\nH\u00f6he mit Isolierung: 1740 mm<br \/>\nKippmass: 1900 mm<br \/>\nBetriebsdruck: 3 bar<br \/>\nPr\u00fcfdruck: 4.5 bar<br \/>\nMax. Betriebs-Temperatur: 95 \u00b0 C<br \/>\nGewicht: 101 kg<br \/>\nGlattrohrw\u00e4rmetauscher:<br \/>\noben: 1.4 m2<br \/>\nunten: 1.9 m2<br \/>\nIsolierung: 60 mm PUR-Hartschaum fix eingesch\u00e4umt<br \/>\nSkaimantel silber<\/p>\n<p>Bauart: Qualit\u00e4tsstahl S275JR nach DIN 4753<\/p>\n<p>Im Lieferumfang enthalten: Beh\u00e4lter und Isolation<\/p>\n","protected":false},"excerpt":{"rendered":"<p>Inhalt: 479 lt \u00d8 mit Isolierung: 750 mm H\u00f6he mit Isolierung: 1740 mm Kippmass: 1900 mm Betriebsdruck: 3 bar Pr\u00fcfdruck: 4.5 bar Max. Betriebs-Temperatur: 95 \u00b0 C Gewicht: 101 kg Glattrohrw\u00e4rmetauscher: oben: 1.4 m2 unten: 1.9 m2 Isolierung: 60 mm PUR-Hartschaum fix eingesch\u00e4umt Skaimantel silber Bauart: Qualit\u00e4tsstahl S275JR nach DIN 4753 Im Lieferumfang enthalten: Beh\u00e4lter [&hellip;]<\/p>\n","protected":false},"featured_media":3829,"template":"","meta":[],"product_cat":[128],"product_tag":[],"class_list":["post-3828","product","type-product","status-publish","has-post-thumbnail","hentry","product_cat-boiler-speicher-puffer"],"acf":[],"yoast_head":"<!-- This site is optimized with the Yoast SEO plugin v26.9 - https:\/\/yoast.com\/product\/yoast-seo-wordpress\/ -->\r\n<title>500 lt PSRR: Fix eingesch\u00e4umter Pufferspeicher, mit 2 Register, ohne Flansch - EiTherm<\/title>\r\n<meta name=\"robots\" content=\"index, follow, max-snippet:-1, max-image-preview:large, max-video-preview:-1\" \/>\r\n<link rel=\"canonical\" href=\"https:\/\/eitherm.ch\/neu\/product\/500-lt-psrr-fix-eingeschaeumter-pufferspeicher-mit-2-register-ohne-flansch\/\" \/>\r\n<meta property=\"og:locale\" content=\"de_DE\" \/>\r\n<meta property=\"og:type\" content=\"article\" \/>\r\n<meta property=\"og:title\" content=\"500 lt PSRR: Fix eingesch\u00e4umter Pufferspeicher, mit 2 Register, ohne Flansch - EiTherm\" \/>\r\n<meta property=\"og:description\" content=\"Inhalt: 479 lt \u00d8 mit Isolierung: 750 mm H\u00f6he mit Isolierung: 1740 mm Kippmass: 1900 mm Betriebsdruck: 3 bar Pr\u00fcfdruck: 4.5 bar Max. Betriebs-Temperatur: 95 \u00b0 C Gewicht: 101 kg Glattrohrw\u00e4rmetauscher: oben: 1.4 m2 unten: 1.9 m2 Isolierung: 60 mm PUR-Hartschaum fix eingesch\u00e4umt Skaimantel silber Bauart: Qualit\u00e4tsstahl S275JR nach DIN 4753 Im Lieferumfang enthalten: Beh\u00e4lter [&hellip;]\" \/>\r\n<meta property=\"og:url\" content=\"https:\/\/eitherm.ch\/neu\/product\/500-lt-psrr-fix-eingeschaeumter-pufferspeicher-mit-2-register-ohne-flansch\/\" \/>\r\n<meta property=\"og:site_name\" content=\"EiTherm\" \/>\r\n<meta property=\"article:modified_time\" content=\"2026-03-26T13:55:09+00:00\" \/>\r\n<meta property=\"og:image\" content=\"https:\/\/eitherm.ch\/neu\/wp-content\/uploads\/PSRR_fix_schnitt.png\" \/>\r\n\t<meta property=\"og:image:width\" content=\"793\" \/>\r\n\t<meta property=\"og:image:height\" content=\"2219\" \/>\r\n\t<meta property=\"og:image:type\" content=\"image\/png\" \/>\r\n<meta name=\"twitter:card\" content=\"summary_large_image\" \/>\r\n<script type=\"application\/ld+json\" class=\"yoast-schema-graph\">{\"@context\":\"https:\/\/schema.org\",\"@graph\":[{\"@type\":\"WebPage\",\"@id\":\"https:\/\/eitherm.ch\/neu\/product\/500-lt-psrr-fix-eingeschaeumter-pufferspeicher-mit-2-register-ohne-flansch\/\",\"url\":\"https:\/\/eitherm.ch\/neu\/product\/500-lt-psrr-fix-eingeschaeumter-pufferspeicher-mit-2-register-ohne-flansch\/\",\"name\":\"500 lt PSRR: Fix eingesch\u00e4umter Pufferspeicher, mit 2 Register, ohne Flansch - EiTherm\",\"isPartOf\":{\"@id\":\"https:\/\/eitherm.ch\/neu\/#website\"},\"primaryImageOfPage\":{\"@id\":\"https:\/\/eitherm.ch\/neu\/product\/500-lt-psrr-fix-eingeschaeumter-pufferspeicher-mit-2-register-ohne-flansch\/#primaryimage\"},\"image\":{\"@id\":\"https:\/\/eitherm.ch\/neu\/product\/500-lt-psrr-fix-eingeschaeumter-pufferspeicher-mit-2-register-ohne-flansch\/#primaryimage\"},\"thumbnailUrl\":\"https:\/\/eitherm.ch\/neu\/wp-content\/uploads\/PSRR_fix_schnitt.png\",\"datePublished\":\"2026-03-26T13:55:00+00:00\",\"dateModified\":\"2026-03-26T13:55:09+00:00\",\"breadcrumb\":{\"@id\":\"https:\/\/eitherm.ch\/neu\/product\/500-lt-psrr-fix-eingeschaeumter-pufferspeicher-mit-2-register-ohne-flansch\/#breadcrumb\"},\"inLanguage\":\"de-CH\",\"potentialAction\":[{\"@type\":\"ReadAction\",\"target\":[\"https:\/\/eitherm.ch\/neu\/product\/500-lt-psrr-fix-eingeschaeumter-pufferspeicher-mit-2-register-ohne-flansch\/\"]}]},{\"@type\":\"ImageObject\",\"inLanguage\":\"de-CH\",\"@id\":\"https:\/\/eitherm.ch\/neu\/product\/500-lt-psrr-fix-eingeschaeumter-pufferspeicher-mit-2-register-ohne-flansch\/#primaryimage\",\"url\":\"https:\/\/eitherm.ch\/neu\/wp-content\/uploads\/PSRR_fix_schnitt.png\",\"contentUrl\":\"https:\/\/eitherm.ch\/neu\/wp-content\/uploads\/PSRR_fix_schnitt.png\",\"width\":793,\"height\":2219},{\"@type\":\"BreadcrumbList\",\"@id\":\"https:\/\/eitherm.ch\/neu\/product\/500-lt-psrr-fix-eingeschaeumter-pufferspeicher-mit-2-register-ohne-flansch\/#breadcrumb\",\"itemListElement\":[{\"@type\":\"ListItem\",\"position\":1,\"name\":\"Startseite\",\"item\":\"https:\/\/eitherm.ch\/neu\/\"},{\"@type\":\"ListItem\",\"position\":2,\"name\":\"Shop\",\"item\":\"https:\/\/eitherm.ch\/neu\/shop-2\/\"},{\"@type\":\"ListItem\",\"position\":3,\"name\":\"500 lt PSRR: Fix eingesch\u00e4umter Pufferspeicher, mit 2 Register, ohne Flansch\"}]},{\"@type\":\"WebSite\",\"@id\":\"https:\/\/eitherm.ch\/neu\/#website\",\"url\":\"https:\/\/eitherm.ch\/neu\/\",\"name\":\"EiTherm\",\"description\":\"\",\"publisher\":{\"@id\":\"https:\/\/eitherm.ch\/neu\/#organization\"},\"potentialAction\":[{\"@type\":\"SearchAction\",\"target\":{\"@type\":\"EntryPoint\",\"urlTemplate\":\"https:\/\/eitherm.ch\/neu\/?s={search_term_string}\"},\"query-input\":{\"@type\":\"PropertyValueSpecification\",\"valueRequired\":true,\"valueName\":\"search_term_string\"}}],\"inLanguage\":\"de-CH\"},{\"@type\":\"Organization\",\"@id\":\"https:\/\/eitherm.ch\/neu\/#organization\",\"name\":\"EiTherm GmbH\",\"url\":\"https:\/\/eitherm.ch\/neu\/\",\"logo\":{\"@type\":\"ImageObject\",\"inLanguage\":\"de-CH\",\"@id\":\"https:\/\/eitherm.ch\/neu\/#\/schema\/logo\/image\/\",\"url\":\"https:\/\/eitherm.ch\/neu\/wp-content\/uploads\/logo-1-e1669223794913.png\",\"contentUrl\":\"https:\/\/eitherm.ch\/neu\/wp-content\/uploads\/logo-1-e1669223794913.png\",\"width\":48,\"height\":44,\"caption\":\"EiTherm GmbH\"},\"image\":{\"@id\":\"https:\/\/eitherm.ch\/neu\/#\/schema\/logo\/image\/\"}}]}<\/script>\r\n<!-- \/ Yoast SEO plugin. -->","yoast_head_json":{"title":"500 lt PSRR: Fix eingesch\u00e4umter Pufferspeicher, mit 2 Register, ohne Flansch - EiTherm","robots":{"index":"index","follow":"follow","max-snippet":"max-snippet:-1","max-image-preview":"max-image-preview:large","max-video-preview":"max-video-preview:-1"},"canonical":"https:\/\/eitherm.ch\/neu\/product\/500-lt-psrr-fix-eingeschaeumter-pufferspeicher-mit-2-register-ohne-flansch\/","og_locale":"de_DE","og_type":"article","og_title":"500 lt PSRR: Fix eingesch\u00e4umter Pufferspeicher, mit 2 Register, ohne Flansch - EiTherm","og_description":"Inhalt: 479 lt \u00d8 mit Isolierung: 750 mm H\u00f6he mit Isolierung: 1740 mm Kippmass: 1900 mm Betriebsdruck: 3 bar Pr\u00fcfdruck: 4.5 bar Max. Betriebs-Temperatur: 95 \u00b0 C Gewicht: 101 kg Glattrohrw\u00e4rmetauscher: oben: 1.4 m2 unten: 1.9 m2 Isolierung: 60 mm PUR-Hartschaum fix eingesch\u00e4umt Skaimantel silber Bauart: Qualit\u00e4tsstahl S275JR nach DIN 4753 Im Lieferumfang enthalten: Beh\u00e4lter [&hellip;]","og_url":"https:\/\/eitherm.ch\/neu\/product\/500-lt-psrr-fix-eingeschaeumter-pufferspeicher-mit-2-register-ohne-flansch\/","og_site_name":"EiTherm","article_modified_time":"2026-03-26T13:55:09+00:00","og_image":[{"width":793,"height":2219,"url":"https:\/\/eitherm.ch\/neu\/wp-content\/uploads\/PSRR_fix_schnitt.png","type":"image\/png"}],"twitter_card":"summary_large_image","schema":{"@context":"https:\/\/schema.org","@graph":[{"@type":"WebPage","@id":"https:\/\/eitherm.ch\/neu\/product\/500-lt-psrr-fix-eingeschaeumter-pufferspeicher-mit-2-register-ohne-flansch\/","url":"https:\/\/eitherm.ch\/neu\/product\/500-lt-psrr-fix-eingeschaeumter-pufferspeicher-mit-2-register-ohne-flansch\/","name":"500 lt PSRR: Fix eingesch\u00e4umter Pufferspeicher, mit 2 Register, ohne Flansch - EiTherm","isPartOf":{"@id":"https:\/\/eitherm.ch\/neu\/#website"},"primaryImageOfPage":{"@id":"https:\/\/eitherm.ch\/neu\/product\/500-lt-psrr-fix-eingeschaeumter-pufferspeicher-mit-2-register-ohne-flansch\/#primaryimage"},"image":{"@id":"https:\/\/eitherm.ch\/neu\/product\/500-lt-psrr-fix-eingeschaeumter-pufferspeicher-mit-2-register-ohne-flansch\/#primaryimage"},"thumbnailUrl":"https:\/\/eitherm.ch\/neu\/wp-content\/uploads\/PSRR_fix_schnitt.png","datePublished":"2026-03-26T13:55:00+00:00","dateModified":"2026-03-26T13:55:09+00:00","breadcrumb":{"@id":"https:\/\/eitherm.ch\/neu\/product\/500-lt-psrr-fix-eingeschaeumter-pufferspeicher-mit-2-register-ohne-flansch\/#breadcrumb"},"inLanguage":"de-CH","potentialAction":[{"@type":"ReadAction","target":["https:\/\/eitherm.ch\/neu\/product\/500-lt-psrr-fix-eingeschaeumter-pufferspeicher-mit-2-register-ohne-flansch\/"]}]},{"@type":"ImageObject","inLanguage":"de-CH","@id":"https:\/\/eitherm.ch\/neu\/product\/500-lt-psrr-fix-eingeschaeumter-pufferspeicher-mit-2-register-ohne-flansch\/#primaryimage","url":"https:\/\/eitherm.ch\/neu\/wp-content\/uploads\/PSRR_fix_schnitt.png","contentUrl":"https:\/\/eitherm.ch\/neu\/wp-content\/uploads\/PSRR_fix_schnitt.png","width":793,"height":2219},{"@type":"BreadcrumbList","@id":"https:\/\/eitherm.ch\/neu\/product\/500-lt-psrr-fix-eingeschaeumter-pufferspeicher-mit-2-register-ohne-flansch\/#breadcrumb","itemListElement":[{"@type":"ListItem","position":1,"name":"Startseite","item":"https:\/\/eitherm.ch\/neu\/"},{"@type":"ListItem","position":2,"name":"Shop","item":"https:\/\/eitherm.ch\/neu\/shop-2\/"},{"@type":"ListItem","position":3,"name":"500 lt PSRR: Fix eingesch\u00e4umter Pufferspeicher, mit 2 Register, ohne Flansch"}]},{"@type":"WebSite","@id":"https:\/\/eitherm.ch\/neu\/#website","url":"https:\/\/eitherm.ch\/neu\/","name":"EiTherm","description":"","publisher":{"@id":"https:\/\/eitherm.ch\/neu\/#organization"},"potentialAction":[{"@type":"SearchAction","target":{"@type":"EntryPoint","urlTemplate":"https:\/\/eitherm.ch\/neu\/?s={search_term_string}"},"query-input":{"@type":"PropertyValueSpecification","valueRequired":true,"valueName":"search_term_string"}}],"inLanguage":"de-CH"},{"@type":"Organization","@id":"https:\/\/eitherm.ch\/neu\/#organization","name":"EiTherm GmbH","url":"https:\/\/eitherm.ch\/neu\/","logo":{"@type":"ImageObject","inLanguage":"de-CH","@id":"https:\/\/eitherm.ch\/neu\/#\/schema\/logo\/image\/","url":"https:\/\/eitherm.ch\/neu\/wp-content\/uploads\/logo-1-e1669223794913.png","contentUrl":"https:\/\/eitherm.ch\/neu\/wp-content\/uploads\/logo-1-e1669223794913.png","width":48,"height":44,"caption":"EiTherm GmbH"},"image":{"@id":"https:\/\/eitherm.ch\/neu\/#\/schema\/logo\/image\/"}}]}},"jetpack_sharing_enabled":true,"_links":{"self":[{"href":"https:\/\/eitherm.ch\/neu\/wp-json\/wp\/v2\/product\/3828","targetHints":{"allow":["GET"]}}],"collection":[{"href":"https:\/\/eitherm.ch\/neu\/wp-json\/wp\/v2\/product"}],"about":[{"href":"https:\/\/eitherm.ch\/neu\/wp-json\/wp\/v2\/types\/product"}],"wp:featuredmedia":[{"embeddable":true,"href":"https:\/\/eitherm.ch\/neu\/wp-json\/wp\/v2\/media\/3829"}],"wp:attachment":[{"href":"https:\/\/eitherm.ch\/neu\/wp-json\/wp\/v2\/media?parent=3828"}],"wp:term":[{"taxonomy":"product_cat","embeddable":true,"href":"https:\/\/eitherm.ch\/neu\/wp-json\/wp\/v2\/product_cat?post=3828"},{"taxonomy":"product_tag","embeddable":true,"href":"https:\/\/eitherm.ch\/neu\/wp-json\/wp\/v2\/product_tag?post=3828"}],"curies":[{"name":"wp","href":"https:\/\/api.w.org\/{rel}","templated":true}]}}