{"id":3695,"date":"2026-03-26T14:48:13","date_gmt":"2026-03-26T13:48:13","guid":{"rendered":"https:\/\/eitherm.ch\/neu\/product\/1500-250-lt-pbnf-e-kombispeicher-puffer-mit-integriertem-boiler-email-ohne-isolation\/"},"modified":"2026-03-26T14:48:39","modified_gmt":"2026-03-26T13:48:39","slug":"1500-250-lt-pbnf-e-kombispeicher-puffer-mit-integriertem-boiler-email-ohne-isolation","status":"publish","type":"product","link":"https:\/\/eitherm.ch\/neu\/product\/1500-250-lt-pbnf-e-kombispeicher-puffer-mit-integriertem-boiler-email-ohne-isolation\/","title":{"rendered":"1500\/250 lt PBNF\/E: Kombispeicher, Puffer mit integriertem Boiler Email &#8211; ohne Isolation"},"content":{"rendered":"<p>Inhalt Heizwasser: 1249 Liter<br \/>\nInhalt Brauchwasser: 247 Liter<br \/>\n\u00d8 mit Isolierung: 1260 mm<br \/>\n\u00d8 ohne Isolierung: 1000 mm<br \/>\nH\u00f6he ohne Isolierung: 2175 mm<br \/>\nKippmass: 2210 mm<br \/>\nBetriebsdruck Boiler: 6 bar<br \/>\nBetriebsdruck Puffer: 3 bar<br \/>\nPr\u00fcfdruck Puffer: 4.5 bar<br \/>\nMax. Betriebs-Temperatur: 95 \u00b0 C<br \/>\nGewicht: 244 kg<br \/>\nFlanschdurchmesser 290 mm<br \/>\nIsolierung: &#8211; ohne Isolation<\/p>\n<p>Bauart: Puffer und Boiler aus Qualit\u00e4tsstahl S275JR nach DIN 4753, Puffer innen roh aussen Rostschutzanstrich, Boiler doppelt emailiert<br \/>\nDie Magnesiumanode bietet zus\u00e4tzlichen Korrosionsschutz<br \/>\nDer Einbau einer Flansch-Elektroheizung (Zwischenflansch notwendig) oder einem Rippenrohr W\u00e4rmetauscher ist m\u00f6glich.<\/p>\n<p>Im Lieferumfang enthalten:<br \/>\n1 Stk. Thermometer inkl. Tauchh\u00fclse 100 mm<br \/>\n1 Stk. Tauchh\u00fclse 500 mm<br \/>\n1 Stk. Magnesiumanode 520 mm<\/p>\n<p>SVGW gepr\u00fcft<\/p>\n<p>Auch Elektro-Heizeins\u00e4tze sind als Mehrpreis m\u00f6glich.<\/p>\n","protected":false},"excerpt":{"rendered":"<p>Inhalt Heizwasser: 1249 Liter Inhalt Brauchwasser: 247 Liter \u00d8 mit Isolierung: 1260 mm \u00d8 ohne Isolierung: 1000 mm H\u00f6he ohne Isolierung: 2175 mm Kippmass: 2210 mm Betriebsdruck Boiler: 6 bar Betriebsdruck Puffer: 3 bar Pr\u00fcfdruck Puffer: 4.5 bar Max. Betriebs-Temperatur: 95 \u00b0 C Gewicht: 244 kg Flanschdurchmesser 290 mm Isolierung: &#8211; ohne Isolation Bauart: Puffer [&hellip;]<\/p>\n","protected":false},"featured_media":3691,"template":"","meta":[],"product_cat":[128],"product_tag":[],"class_list":["post-3695","product","type-product","status-publish","has-post-thumbnail","hentry","product_cat-boiler-speicher-puffer"],"acf":[],"yoast_head":"<!-- This site is optimized with the Yoast SEO plugin v26.9 - https:\/\/yoast.com\/product\/yoast-seo-wordpress\/ -->\r\n<title>1500\/250 lt PBNF\/E: Kombispeicher, Puffer mit integriertem Boiler Email - ohne Isolation - EiTherm<\/title>\r\n<meta name=\"robots\" content=\"index, follow, max-snippet:-1, max-image-preview:large, max-video-preview:-1\" \/>\r\n<link rel=\"canonical\" href=\"https:\/\/eitherm.ch\/neu\/product\/1500-250-lt-pbnf-e-kombispeicher-puffer-mit-integriertem-boiler-email-ohne-isolation\/\" \/>\r\n<meta property=\"og:locale\" content=\"de_DE\" \/>\r\n<meta property=\"og:type\" content=\"article\" \/>\r\n<meta property=\"og:title\" content=\"1500\/250 lt PBNF\/E: Kombispeicher, Puffer mit integriertem Boiler Email - ohne Isolation - EiTherm\" \/>\r\n<meta property=\"og:description\" content=\"Inhalt Heizwasser: 1249 Liter Inhalt Brauchwasser: 247 Liter \u00d8 mit Isolierung: 1260 mm \u00d8 ohne Isolierung: 1000 mm H\u00f6he ohne Isolierung: 2175 mm Kippmass: 2210 mm Betriebsdruck Boiler: 6 bar Betriebsdruck Puffer: 3 bar Pr\u00fcfdruck Puffer: 4.5 bar Max. Betriebs-Temperatur: 95 \u00b0 C Gewicht: 244 kg Flanschdurchmesser 290 mm Isolierung: &#8211; ohne Isolation Bauart: Puffer [&hellip;]\" \/>\r\n<meta property=\"og:url\" content=\"https:\/\/eitherm.ch\/neu\/product\/1500-250-lt-pbnf-e-kombispeicher-puffer-mit-integriertem-boiler-email-ohne-isolation\/\" \/>\r\n<meta property=\"og:site_name\" content=\"EiTherm\" \/>\r\n<meta property=\"article:modified_time\" content=\"2026-03-26T13:48:39+00:00\" \/>\r\n<meta property=\"og:image\" content=\"https:\/\/eitherm.ch\/neu\/wp-content\/uploads\/PBNFE_schnitt.png\" \/>\r\n\t<meta property=\"og:image:width\" content=\"961\" \/>\r\n\t<meta property=\"og:image:height\" content=\"2397\" \/>\r\n\t<meta property=\"og:image:type\" content=\"image\/png\" \/>\r\n<meta name=\"twitter:card\" content=\"summary_large_image\" \/>\r\n<meta name=\"twitter:label1\" content=\"Gesch\u00e4tzte Lesezeit\" \/>\n\t<meta name=\"twitter:data1\" content=\"1\u00a0Minute\" \/>\r\n<script type=\"application\/ld+json\" class=\"yoast-schema-graph\">{\"@context\":\"https:\/\/schema.org\",\"@graph\":[{\"@type\":\"WebPage\",\"@id\":\"https:\/\/eitherm.ch\/neu\/product\/1500-250-lt-pbnf-e-kombispeicher-puffer-mit-integriertem-boiler-email-ohne-isolation\/\",\"url\":\"https:\/\/eitherm.ch\/neu\/product\/1500-250-lt-pbnf-e-kombispeicher-puffer-mit-integriertem-boiler-email-ohne-isolation\/\",\"name\":\"1500\/250 lt PBNF\/E: Kombispeicher, Puffer mit integriertem Boiler Email - ohne Isolation - EiTherm\",\"isPartOf\":{\"@id\":\"https:\/\/eitherm.ch\/neu\/#website\"},\"primaryImageOfPage\":{\"@id\":\"https:\/\/eitherm.ch\/neu\/product\/1500-250-lt-pbnf-e-kombispeicher-puffer-mit-integriertem-boiler-email-ohne-isolation\/#primaryimage\"},\"image\":{\"@id\":\"https:\/\/eitherm.ch\/neu\/product\/1500-250-lt-pbnf-e-kombispeicher-puffer-mit-integriertem-boiler-email-ohne-isolation\/#primaryimage\"},\"thumbnailUrl\":\"https:\/\/eitherm.ch\/neu\/wp-content\/uploads\/PBNFE_schnitt.png\",\"datePublished\":\"2026-03-26T13:48:13+00:00\",\"dateModified\":\"2026-03-26T13:48:39+00:00\",\"breadcrumb\":{\"@id\":\"https:\/\/eitherm.ch\/neu\/product\/1500-250-lt-pbnf-e-kombispeicher-puffer-mit-integriertem-boiler-email-ohne-isolation\/#breadcrumb\"},\"inLanguage\":\"de-CH\",\"potentialAction\":[{\"@type\":\"ReadAction\",\"target\":[\"https:\/\/eitherm.ch\/neu\/product\/1500-250-lt-pbnf-e-kombispeicher-puffer-mit-integriertem-boiler-email-ohne-isolation\/\"]}]},{\"@type\":\"ImageObject\",\"inLanguage\":\"de-CH\",\"@id\":\"https:\/\/eitherm.ch\/neu\/product\/1500-250-lt-pbnf-e-kombispeicher-puffer-mit-integriertem-boiler-email-ohne-isolation\/#primaryimage\",\"url\":\"https:\/\/eitherm.ch\/neu\/wp-content\/uploads\/PBNFE_schnitt.png\",\"contentUrl\":\"https:\/\/eitherm.ch\/neu\/wp-content\/uploads\/PBNFE_schnitt.png\",\"width\":961,\"height\":2397},{\"@type\":\"BreadcrumbList\",\"@id\":\"https:\/\/eitherm.ch\/neu\/product\/1500-250-lt-pbnf-e-kombispeicher-puffer-mit-integriertem-boiler-email-ohne-isolation\/#breadcrumb\",\"itemListElement\":[{\"@type\":\"ListItem\",\"position\":1,\"name\":\"Startseite\",\"item\":\"https:\/\/eitherm.ch\/neu\/\"},{\"@type\":\"ListItem\",\"position\":2,\"name\":\"Shop\",\"item\":\"https:\/\/eitherm.ch\/neu\/shop-2\/\"},{\"@type\":\"ListItem\",\"position\":3,\"name\":\"1500\/250 lt PBNF\/E: Kombispeicher, Puffer mit integriertem Boiler Email &#8211; ohne Isolation\"}]},{\"@type\":\"WebSite\",\"@id\":\"https:\/\/eitherm.ch\/neu\/#website\",\"url\":\"https:\/\/eitherm.ch\/neu\/\",\"name\":\"EiTherm\",\"description\":\"\",\"publisher\":{\"@id\":\"https:\/\/eitherm.ch\/neu\/#organization\"},\"potentialAction\":[{\"@type\":\"SearchAction\",\"target\":{\"@type\":\"EntryPoint\",\"urlTemplate\":\"https:\/\/eitherm.ch\/neu\/?s={search_term_string}\"},\"query-input\":{\"@type\":\"PropertyValueSpecification\",\"valueRequired\":true,\"valueName\":\"search_term_string\"}}],\"inLanguage\":\"de-CH\"},{\"@type\":\"Organization\",\"@id\":\"https:\/\/eitherm.ch\/neu\/#organization\",\"name\":\"EiTherm GmbH\",\"url\":\"https:\/\/eitherm.ch\/neu\/\",\"logo\":{\"@type\":\"ImageObject\",\"inLanguage\":\"de-CH\",\"@id\":\"https:\/\/eitherm.ch\/neu\/#\/schema\/logo\/image\/\",\"url\":\"https:\/\/eitherm.ch\/neu\/wp-content\/uploads\/logo-1-e1669223794913.png\",\"contentUrl\":\"https:\/\/eitherm.ch\/neu\/wp-content\/uploads\/logo-1-e1669223794913.png\",\"width\":48,\"height\":44,\"caption\":\"EiTherm GmbH\"},\"image\":{\"@id\":\"https:\/\/eitherm.ch\/neu\/#\/schema\/logo\/image\/\"}}]}<\/script>\r\n<!-- \/ Yoast SEO plugin. -->","yoast_head_json":{"title":"1500\/250 lt PBNF\/E: Kombispeicher, Puffer mit integriertem Boiler Email - ohne Isolation - EiTherm","robots":{"index":"index","follow":"follow","max-snippet":"max-snippet:-1","max-image-preview":"max-image-preview:large","max-video-preview":"max-video-preview:-1"},"canonical":"https:\/\/eitherm.ch\/neu\/product\/1500-250-lt-pbnf-e-kombispeicher-puffer-mit-integriertem-boiler-email-ohne-isolation\/","og_locale":"de_DE","og_type":"article","og_title":"1500\/250 lt PBNF\/E: Kombispeicher, Puffer mit integriertem Boiler Email - ohne Isolation - EiTherm","og_description":"Inhalt Heizwasser: 1249 Liter Inhalt Brauchwasser: 247 Liter \u00d8 mit Isolierung: 1260 mm \u00d8 ohne Isolierung: 1000 mm H\u00f6he ohne Isolierung: 2175 mm Kippmass: 2210 mm Betriebsdruck Boiler: 6 bar Betriebsdruck Puffer: 3 bar Pr\u00fcfdruck Puffer: 4.5 bar Max. Betriebs-Temperatur: 95 \u00b0 C Gewicht: 244 kg Flanschdurchmesser 290 mm Isolierung: &#8211; ohne Isolation Bauart: Puffer [&hellip;]","og_url":"https:\/\/eitherm.ch\/neu\/product\/1500-250-lt-pbnf-e-kombispeicher-puffer-mit-integriertem-boiler-email-ohne-isolation\/","og_site_name":"EiTherm","article_modified_time":"2026-03-26T13:48:39+00:00","og_image":[{"width":961,"height":2397,"url":"https:\/\/eitherm.ch\/neu\/wp-content\/uploads\/PBNFE_schnitt.png","type":"image\/png"}],"twitter_card":"summary_large_image","twitter_misc":{"Gesch\u00e4tzte Lesezeit":"1\u00a0Minute"},"schema":{"@context":"https:\/\/schema.org","@graph":[{"@type":"WebPage","@id":"https:\/\/eitherm.ch\/neu\/product\/1500-250-lt-pbnf-e-kombispeicher-puffer-mit-integriertem-boiler-email-ohne-isolation\/","url":"https:\/\/eitherm.ch\/neu\/product\/1500-250-lt-pbnf-e-kombispeicher-puffer-mit-integriertem-boiler-email-ohne-isolation\/","name":"1500\/250 lt PBNF\/E: Kombispeicher, Puffer mit integriertem Boiler Email - ohne Isolation - EiTherm","isPartOf":{"@id":"https:\/\/eitherm.ch\/neu\/#website"},"primaryImageOfPage":{"@id":"https:\/\/eitherm.ch\/neu\/product\/1500-250-lt-pbnf-e-kombispeicher-puffer-mit-integriertem-boiler-email-ohne-isolation\/#primaryimage"},"image":{"@id":"https:\/\/eitherm.ch\/neu\/product\/1500-250-lt-pbnf-e-kombispeicher-puffer-mit-integriertem-boiler-email-ohne-isolation\/#primaryimage"},"thumbnailUrl":"https:\/\/eitherm.ch\/neu\/wp-content\/uploads\/PBNFE_schnitt.png","datePublished":"2026-03-26T13:48:13+00:00","dateModified":"2026-03-26T13:48:39+00:00","breadcrumb":{"@id":"https:\/\/eitherm.ch\/neu\/product\/1500-250-lt-pbnf-e-kombispeicher-puffer-mit-integriertem-boiler-email-ohne-isolation\/#breadcrumb"},"inLanguage":"de-CH","potentialAction":[{"@type":"ReadAction","target":["https:\/\/eitherm.ch\/neu\/product\/1500-250-lt-pbnf-e-kombispeicher-puffer-mit-integriertem-boiler-email-ohne-isolation\/"]}]},{"@type":"ImageObject","inLanguage":"de-CH","@id":"https:\/\/eitherm.ch\/neu\/product\/1500-250-lt-pbnf-e-kombispeicher-puffer-mit-integriertem-boiler-email-ohne-isolation\/#primaryimage","url":"https:\/\/eitherm.ch\/neu\/wp-content\/uploads\/PBNFE_schnitt.png","contentUrl":"https:\/\/eitherm.ch\/neu\/wp-content\/uploads\/PBNFE_schnitt.png","width":961,"height":2397},{"@type":"BreadcrumbList","@id":"https:\/\/eitherm.ch\/neu\/product\/1500-250-lt-pbnf-e-kombispeicher-puffer-mit-integriertem-boiler-email-ohne-isolation\/#breadcrumb","itemListElement":[{"@type":"ListItem","position":1,"name":"Startseite","item":"https:\/\/eitherm.ch\/neu\/"},{"@type":"ListItem","position":2,"name":"Shop","item":"https:\/\/eitherm.ch\/neu\/shop-2\/"},{"@type":"ListItem","position":3,"name":"1500\/250 lt PBNF\/E: Kombispeicher, Puffer mit integriertem Boiler Email &#8211; ohne Isolation"}]},{"@type":"WebSite","@id":"https:\/\/eitherm.ch\/neu\/#website","url":"https:\/\/eitherm.ch\/neu\/","name":"EiTherm","description":"","publisher":{"@id":"https:\/\/eitherm.ch\/neu\/#organization"},"potentialAction":[{"@type":"SearchAction","target":{"@type":"EntryPoint","urlTemplate":"https:\/\/eitherm.ch\/neu\/?s={search_term_string}"},"query-input":{"@type":"PropertyValueSpecification","valueRequired":true,"valueName":"search_term_string"}}],"inLanguage":"de-CH"},{"@type":"Organization","@id":"https:\/\/eitherm.ch\/neu\/#organization","name":"EiTherm GmbH","url":"https:\/\/eitherm.ch\/neu\/","logo":{"@type":"ImageObject","inLanguage":"de-CH","@id":"https:\/\/eitherm.ch\/neu\/#\/schema\/logo\/image\/","url":"https:\/\/eitherm.ch\/neu\/wp-content\/uploads\/logo-1-e1669223794913.png","contentUrl":"https:\/\/eitherm.ch\/neu\/wp-content\/uploads\/logo-1-e1669223794913.png","width":48,"height":44,"caption":"EiTherm GmbH"},"image":{"@id":"https:\/\/eitherm.ch\/neu\/#\/schema\/logo\/image\/"}}]}},"jetpack_sharing_enabled":true,"_links":{"self":[{"href":"https:\/\/eitherm.ch\/neu\/wp-json\/wp\/v2\/product\/3695","targetHints":{"allow":["GET"]}}],"collection":[{"href":"https:\/\/eitherm.ch\/neu\/wp-json\/wp\/v2\/product"}],"about":[{"href":"https:\/\/eitherm.ch\/neu\/wp-json\/wp\/v2\/types\/product"}],"wp:featuredmedia":[{"embeddable":true,"href":"https:\/\/eitherm.ch\/neu\/wp-json\/wp\/v2\/media\/3691"}],"wp:attachment":[{"href":"https:\/\/eitherm.ch\/neu\/wp-json\/wp\/v2\/media?parent=3695"}],"wp:term":[{"taxonomy":"product_cat","embeddable":true,"href":"https:\/\/eitherm.ch\/neu\/wp-json\/wp\/v2\/product_cat?post=3695"},{"taxonomy":"product_tag","embeddable":true,"href":"https:\/\/eitherm.ch\/neu\/wp-json\/wp\/v2\/product_tag?post=3695"}],"curies":[{"name":"wp","href":"https:\/\/api.w.org\/{rel}","templated":true}]}}