{"id":3106,"date":"2025-07-02T12:06:44","date_gmt":"2025-07-02T10:06:44","guid":{"rendered":"https:\/\/eitherm.ch\/neu\/?page_id=3106"},"modified":"2026-02-16T15:03:52","modified_gmt":"2026-02-16T14:03:52","slug":"datenschutz","status":"publish","type":"page","link":"https:\/\/eitherm.ch\/neu\/datenschutz\/","title":{"rendered":"Datenschutz"},"content":{"rendered":"\t\t<div data-elementor-type=\"wp-page\" data-elementor-id=\"3106\" class=\"elementor elementor-3106\" data-elementor-post-type=\"page\">\n\t\t\t\t\t\t\t\t\t<section class=\"elementor-section elementor-top-section elementor-element elementor-element-2304bd9 elementor-section-full_width elementor-section-height-default elementor-section-height-default\" data-id=\"2304bd9\" data-element_type=\"section\" data-settings=\"{&quot;background_background&quot;:&quot;classic&quot;}\">\n\t\t\t\t\t\t\t<div class=\"elementor-background-overlay\"><\/div>\n\t\t\t\t\t\t\t<div class=\"elementor-container elementor-column-gap-default\">\n\t\t\t\t\t<div class=\"elementor-column elementor-col-100 elementor-top-column elementor-element elementor-element-65e86ac\" data-id=\"65e86ac\" data-element_type=\"column\">\n\t\t\t<div class=\"elementor-widget-wrap elementor-element-populated\">\n\t\t\t\t\t\t\t\t<div class=\"elementor-element elementor-element-f4976b6 elementor-widget elementor-widget-spacer\" data-id=\"f4976b6\" data-element_type=\"widget\" data-widget_type=\"spacer.default\">\n\t\t\t\t<div class=\"elementor-widget-container\">\n\t\t\t<style>\/*! elementor - v3.15.0 - 09-08-2023 *\/\n.elementor-column .elementor-spacer-inner{height:var(--spacer-size)}.e-con{--container-widget-width:100%}.e-con-inner>.elementor-widget-spacer,.e-con>.elementor-widget-spacer{width:var(--container-widget-width,var(--spacer-size));--align-self:var(--container-widget-align-self,initial);--flex-shrink:0}.e-con-inner>.elementor-widget-spacer>.elementor-widget-container,.e-con-inner>.elementor-widget-spacer>.elementor-widget-container>.elementor-spacer,.e-con>.elementor-widget-spacer>.elementor-widget-container,.e-con>.elementor-widget-spacer>.elementor-widget-container>.elementor-spacer{height:100%}.e-con-inner>.elementor-widget-spacer>.elementor-widget-container>.elementor-spacer>.elementor-spacer-inner,.e-con>.elementor-widget-spacer>.elementor-widget-container>.elementor-spacer>.elementor-spacer-inner{height:var(--container-widget-height,var(--spacer-size))}<\/style>\t\t<div class=\"elementor-spacer\">\n\t\t\t<div class=\"elementor-spacer-inner\"><\/div>\n\t\t<\/div>\n\t\t\t\t<\/div>\n\t\t\t\t<\/div>\n\t\t\t\t<section class=\"elementor-section elementor-inner-section elementor-element elementor-element-e0a492e elementor-section-full_width elementor-section-height-default elementor-section-height-default\" data-id=\"e0a492e\" data-element_type=\"section\">\n\t\t\t\t\t\t<div class=\"elementor-container elementor-column-gap-default\">\n\t\t\t\t\t<div class=\"elementor-column elementor-col-50 elementor-inner-column elementor-element elementor-element-71b5ccc\" data-id=\"71b5ccc\" data-element_type=\"column\">\n\t\t\t<div class=\"elementor-widget-wrap\">\n\t\t\t\t\t\t\t\t\t<\/div>\n\t\t<\/div>\n\t\t\t\t<div class=\"elementor-column elementor-col-50 elementor-inner-column elementor-element elementor-element-dcd9249\" data-id=\"dcd9249\" data-element_type=\"column\">\n\t\t\t<div class=\"elementor-widget-wrap elementor-element-populated\">\n\t\t\t\t\t\t\t\t<div class=\"elementor-element elementor-element-17a0a37 elementor-widget__width-initial elementor-widget elementor-widget-heading\" data-id=\"17a0a37\" data-element_type=\"widget\" data-widget_type=\"heading.default\">\n\t\t\t\t<div class=\"elementor-widget-container\">\n\t\t\t<style>\/*! elementor - v3.15.0 - 09-08-2023 *\/\n.elementor-heading-title{padding:0;margin:0;line-height:1}.elementor-widget-heading .elementor-heading-title[class*=elementor-size-]>a{color:inherit;font-size:inherit;line-height:inherit}.elementor-widget-heading .elementor-heading-title.elementor-size-small{font-size:15px}.elementor-widget-heading .elementor-heading-title.elementor-size-medium{font-size:19px}.elementor-widget-heading .elementor-heading-title.elementor-size-large{font-size:29px}.elementor-widget-heading .elementor-heading-title.elementor-size-xl{font-size:39px}.elementor-widget-heading .elementor-heading-title.elementor-size-xxl{font-size:59px}<\/style><h1 class=\"elementor-heading-title elementor-size-default\">Datenschutz<\/h1>\t\t<\/div>\n\t\t\t\t<\/div>\n\t\t\t\t\t<\/div>\n\t\t<\/div>\n\t\t\t\t\t\t\t<\/div>\n\t\t<\/section>\n\t\t\t\t<div class=\"elementor-element elementor-element-f4530c7 elementor-widget elementor-widget-spacer\" data-id=\"f4530c7\" data-element_type=\"widget\" data-widget_type=\"spacer.default\">\n\t\t\t\t<div class=\"elementor-widget-container\">\n\t\t\t\t\t<div class=\"elementor-spacer\">\n\t\t\t<div class=\"elementor-spacer-inner\"><\/div>\n\t\t<\/div>\n\t\t\t\t<\/div>\n\t\t\t\t<\/div>\n\t\t\t\t\t<\/div>\n\t\t<\/div>\n\t\t\t\t\t\t\t<\/div>\n\t\t<\/section>\n\t\t\t\t<section class=\"elementor-section elementor-top-section elementor-element elementor-element-c56c84d elementor-section-boxed elementor-section-height-default elementor-section-height-default\" data-id=\"c56c84d\" data-element_type=\"section\">\n\t\t\t\t\t\t<div class=\"elementor-container elementor-column-gap-default\">\n\t\t\t\t\t<div class=\"elementor-column elementor-col-100 elementor-top-column elementor-element elementor-element-18eab91\" data-id=\"18eab91\" data-element_type=\"column\">\n\t\t\t<div class=\"elementor-widget-wrap elementor-element-populated\">\n\t\t\t\t\t\t\t\t<div class=\"elementor-element elementor-element-2135a56 elementor-widget elementor-widget-spacer\" data-id=\"2135a56\" data-element_type=\"widget\" data-widget_type=\"spacer.default\">\n\t\t\t\t<div class=\"elementor-widget-container\">\n\t\t\t\t\t<div class=\"elementor-spacer\">\n\t\t\t<div class=\"elementor-spacer-inner\"><\/div>\n\t\t<\/div>\n\t\t\t\t<\/div>\n\t\t\t\t<\/div>\n\t\t\t\t<div class=\"elementor-element elementor-element-83bbf59 elementor-widget__width-initial elementor-widget elementor-widget-heading\" data-id=\"83bbf59\" data-element_type=\"widget\" data-widget_type=\"heading.default\">\n\t\t\t\t<div class=\"elementor-widget-container\">\n\t\t\t<h1 class=\"elementor-heading-title elementor-size-default\">Datenschutz<\/h1>\t\t<\/div>\n\t\t\t\t<\/div>\n\t\t\t\t<div class=\"elementor-element elementor-element-53bbad5 elementor-widget elementor-widget-spacer\" data-id=\"53bbad5\" data-element_type=\"widget\" data-widget_type=\"spacer.default\">\n\t\t\t\t<div class=\"elementor-widget-container\">\n\t\t\t\t\t<div class=\"elementor-spacer\">\n\t\t\t<div class=\"elementor-spacer-inner\"><\/div>\n\t\t<\/div>\n\t\t\t\t<\/div>\n\t\t\t\t<\/div>\n\t\t\t\t<div class=\"elementor-element elementor-element-0ae6fb3 elementor-widget elementor-widget-text-editor\" data-id=\"0ae6fb3\" data-element_type=\"widget\" data-widget_type=\"text-editor.default\">\n\t\t\t\t<div class=\"elementor-widget-container\">\n\t\t\t<style>\/*! elementor - v3.15.0 - 09-08-2023 *\/\n.elementor-widget-text-editor.elementor-drop-cap-view-stacked .elementor-drop-cap{background-color:#69727d;color:#fff}.elementor-widget-text-editor.elementor-drop-cap-view-framed .elementor-drop-cap{color:#69727d;border:3px solid;background-color:transparent}.elementor-widget-text-editor:not(.elementor-drop-cap-view-default) .elementor-drop-cap{margin-top:8px}.elementor-widget-text-editor:not(.elementor-drop-cap-view-default) .elementor-drop-cap-letter{width:1em;height:1em}.elementor-widget-text-editor .elementor-drop-cap{float:left;text-align:center;line-height:1;font-size:50px}.elementor-widget-text-editor .elementor-drop-cap-letter{display:inline-block}<\/style>\t\t\t\t<h4>1. Verantwortlicher<\/h4><p>Verantwortlich f\u00fcr die Bearbeitung personenbezogener Daten im Sinne des revidierten Schweizer Datenschutzgesetzes (revDSG) ist:<\/p><p><strong>Eitherm GmbH<\/strong><br \/>Landstrasse 24<br \/>8723 Rufi<br \/>Schweiz<br \/>E-Mail: <a href=\"mailto:post@eitherm.ch\">post@eitherm.ch<\/a><br \/>UID: CHE-115.712.110<\/p><p>Bei Fragen zum Datenschutz oder zur Aus\u00fcbung Ihrer Rechte k\u00f6nnen Sie sich jederzeit an uns wenden.<\/p><h4>\u00a0<\/h4><h4>2. Grundsatz der Datenbearbeitung<\/h4><p>Wir bearbeiten personenbezogene Daten im Einklang mit dem revDSG.<\/p><p>Personenbezogene Daten sind alle Angaben, die sich auf eine bestimmte oder bestimmbare nat\u00fcrliche Person beziehen.<\/p><p>Die Bearbeitung erfolgt nur f\u00fcr klar definierte Zwecke:<\/p><ul><li>Erf\u00fcllung vertraglicher Pflichten<\/li><li>Wahrung berechtigter gesch\u00e4ftlicher Interessen<\/li><li>Erf\u00fcllung gesetzlicher Verpflichtungen<\/li><li>Interne Bonit\u00e4tspr\u00fcfung<\/li><li>Kundenkommunikation<\/li><\/ul><h4>\u00a0<\/h4><h4>3. Datenerhebung beim Besuch der Website<\/h4><p>Beim Aufruf unserer Website werden automatisch folgende Daten in Server-Logfiles erfasst:<\/p><ul><li>IP-Adresse<\/li><li>Datum und Uhrzeit<\/li><li>aufgerufene Seiten<\/li><li>Referrer-URL<\/li><li>Browsertyp und -version<\/li><li>Betriebssystem<\/li><\/ul><p>Zweck: Bereitstellung der Website, Systemsicherheit, Missbrauchsverhinderung.<\/p><p>Logfiles werden in der Regel sp\u00e4testens nach 30 Tagen gel\u00f6scht.<\/p><h4>\u00a0<\/h4><h4>4. Registrierung, Bestellungen &amp; B2B-Shop<\/h4><p>Unser Onlineshop basiert auf <strong>WooCommerce<\/strong>.<\/p><p>Im Rahmen der Registrierung oder Bestellung erheben wir:<\/p><ul><li>Firmenname<\/li><li>Name der Kontaktperson<\/li><li>Gesch\u00e4ftsadresse<\/li><li>E-Mail-Adresse<\/li><li>Telefonnummer<\/li><li>Bestell- und Vertragsdaten<\/li><\/ul><p>Zweck: Vertragsabwicklung, Lieferung, Rechnungsstellung, Kundenkommunikation, interne Bonit\u00e4tspr\u00fcfung, gesetzliche Pflichten.<\/p><p><strong>Bonit\u00e4tspr\u00fcfung:<\/strong> Intern, keine Weitergabe an externe Auskunfteien.<\/p><p><strong>Aufbewahrung:<\/strong> Vertrags- und Rechnungsdaten gem\u00e4ss Art. 957 ff. OR, 10 Jahre.<\/p><h4>\u00a0<\/h4><h4>5. Zahlungsabwicklung<\/h4><p>Zahlung ausschlie\u00dflich auf Rechnung. Keine Weitergabe von Zahlungsdaten an externe Zahlungsdienstleister.<\/p><h4>\u00a0<\/h4><h4>6. Buchhaltung &amp; Treuhand<\/h4><p>Zur Erf\u00fcllung gesetzlicher Buchf\u00fchrungs- und Steuerpflichten arbeiten wir mit einem externen Treuhandb\u00fcro zusammen.<\/p><p>\u00dcbermittelte Daten:<\/p><ul><li>Rechnungsdaten<\/li><li>Firmendaten<\/li><li>Kontaktpersonen<\/li><li>Zahlungsinformationen<\/li><\/ul><p>Das Treuhandb\u00fcro verarbeitet die Daten nur im gesetzlichen Rahmen und unter Einhaltung angemessener Sicherheitsmassnahmen.<\/p><h4>\u00a0<\/h4><h4>7. Cookies &amp; Cookie-Consent-Tool<\/h4><p>Unsere Website verwendet Cookies:<\/p><ul><li>technisch notwendige Cookies (Warenkorb, Login, Sicherheit)<\/li><li>Cookies von Drittanbietern nur nach Einwilligung \u00fcber ein <strong>Cookie-Consent-Tool<\/strong><\/li><\/ul><p><strong>\u00a0<\/strong><\/p><p><strong>Hinweis:<\/strong> Mit dem Cookie-Consent-Tool k\u00f6nnen Sie die Speicherung und Nutzung von Cookies individuell steuern. Cookies werden erst nach Ihrer Zustimmung gesetzt.<\/p><h4>\u00a0<\/h4><h4>8. Newsletter<\/h4><p>F\u00fcr den Versand von Newslettern verwenden wir Ihre E-Mail-Adresse ausschlie\u00dflich bei vorheriger ausdr\u00fccklicher Einwilligung.<\/p><p>Abmeldung jederzeit m\u00f6glich \u00fcber den Abmeldelink im Newsletter oder durch Nachricht an uns.<\/p><h4>\u00a0<\/h4><h4>9. Kontaktformular<\/h4><p>Wenn Sie uns \u00fcber das Kontaktformular oder per E-Mail kontaktieren, erheben wir:<\/p><ul><li>Name<\/li><li>E-Mail-Adresse<\/li><li>Firmenname (optional)<\/li><li>Nachricht<\/li><\/ul><p>Zweck: Beantwortung Ihrer Anfrage, technische Administration.<\/p><p>Daten werden gel\u00f6scht, sobald der Sachverhalt abschliessend gekl\u00e4rt ist, sofern keine gesetzlichen Aufbewahrungspflichten bestehen.<\/p><h4>\u00a0<\/h4><h4>10. Einsatz externer Dienste<\/h4><p><strong>10.1 Google reCAPTCHA<\/strong><\/p><p>Wir verwenden <strong>Google reCAPTCHA<\/strong> zur Abwehr automatisierter Eingaben. Daten (IP-Adresse, ggf. weitere Nutzungsinformationen) werden an Google Ireland Limited \u00fcbermittelt.<\/p><p><strong>10.2 Google Maps<\/strong><\/p><p>Wir verwenden <strong>Google Maps<\/strong> zur Darstellung interaktiver Karten. IP-Adresse und Nutzungsdaten werden ggf. an Google in Irland\/USA \u00fcbermittelt.<\/p><p><strong>10.3 Google Web Fonts<\/strong><\/p><p>F\u00fcr ein einheitliches Schriftbild werden Schriften von <strong>Google Web Fonts<\/strong> geladen. IP-Adresse wird hierbei an Google \u00fcbermittelt.<\/p><p><strong>10.4 YouTube-Einbettungen<\/strong><\/p><p>Zur Anzeige von Videos verwenden wir die <strong>YouTube<\/strong>-Funktion im erweiterten Datenschutzmodus. Daten werden nur bei Start der Wiedergabe an Google \u00fcbermittelt.<\/p><h4>\u00a0<\/h4><h4>11. Datenbekanntgabe an Dritte<\/h4><p>Personenbezogene Daten werden nur weitergegeben, wenn:<\/p><ul><li>f\u00fcr die Vertragserf\u00fcllung erforderlich<\/li><li>gesetzlich vorgeschrieben<\/li><li>f\u00fcr Buchhaltung\/Administration notwendig<\/li><\/ul><p>Empf\u00e4nger: Hosting-Provider, IT-Dienstleister, Versanddienstleister, Treuhandb\u00fcro.<\/p><p>Keine systematische Weitergabe ins Ausland; Ausnahmen nur unter Einhaltung des revDSG.<\/p><h4>\u00a0<\/h4><h4>12. Datensicherheit<\/h4><p>Wir setzen angemessene technische und organisatorische Massnahmen ein, u.a.:<\/p><ul><li>SSL\/TLS-Verschl\u00fcsselung<\/li><li>Zugriffsbeschr\u00e4nkungen<\/li><li>Rollenbasierte Berechtigungen<\/li><li>Backups &amp; Updates<\/li><\/ul><h4>\u00a0<\/h4><h4>13. Aufbewahrungsdauer<\/h4><ul><li>Vertrags-\/Rechnungsdaten: 10 Jahre<\/li><li>Logfiles: 30 Tage<\/li><li>Kontaktformular: bis zur abschliessenden Bearbeitung<\/li><\/ul><h4>\u00a0<\/h4><h4>14. Rechte der betroffenen Personen<\/h4><p>Sie haben u.a. das Recht:<\/p><ul><li>auf Auskunft<\/li><li>Berichtigung<\/li><li>L\u00f6schung<\/li><li>Einschr\u00e4nkung der Verarbeitung<\/li><li>Herausgabe oder \u00dcbertragung der Daten<\/li><\/ul><p>Zur Aus\u00fcbung der Rechte wenden Sie sich an die oben genannte Kontaktadresse.<\/p><p>Zudem k\u00f6nnen Sie sich beim <strong>Eidgen\u00f6ssischer Datenschutz- und \u00d6ffentlichkeitsbeauftragter<\/strong> beschweren.<\/p>\t\t\t\t\t\t<\/div>\n\t\t\t\t<\/div>\n\t\t\t\t\t<\/div>\n\t\t<\/div>\n\t\t\t\t\t\t\t<\/div>\n\t\t<\/section>\n\t\t\t\t\t\t\t<\/div>\n\t\t","protected":false},"excerpt":{"rendered":"<p>Datenschutz Datenschutz 1. Verantwortlicher Verantwortlich f\u00fcr die Bearbeitung personenbezogener Daten im Sinne des revidierten Schweizer Datenschutzgesetzes (revDSG) ist: Eitherm GmbHLandstrasse 248723 RufiSchweizE-Mail: post@eitherm.chUID: CHE-115.712.110 Bei Fragen zum Datenschutz oder zur Aus\u00fcbung Ihrer Rechte k\u00f6nnen Sie sich jederzeit an uns wenden. \u00a0 2. Grundsatz der Datenbearbeitung Wir bearbeiten personenbezogene Daten im Einklang mit dem revDSG. Personenbezogene [&hellip;]<\/p>\n","protected":false},"author":1,"featured_media":1232,"parent":0,"menu_order":0,"comment_status":"closed","ping_status":"closed","template":"elementor_header_footer","meta":{"footnotes":""},"class_list":["post-3106","page","type-page","status-publish","has-post-thumbnail","hentry"],"acf":[],"yoast_head":"<!-- This site is optimized with the Yoast SEO plugin v26.9 - https:\/\/yoast.com\/product\/yoast-seo-wordpress\/ -->\r\n<title>Datenschutz - EiTherm<\/title>\r\n<meta name=\"description\" content=\"Datenschutzerkl\u00e4rung: Erfahren Sie, wie wir Ihre Daten sch\u00fctzen und Ihre Privatsph\u00e4re wahren \u2013 transparent und verst\u00e4ndlich.\" \/>\r\n<meta name=\"robots\" content=\"index, follow, max-snippet:-1, max-image-preview:large, max-video-preview:-1\" \/>\r\n<link rel=\"canonical\" href=\"https:\/\/eitherm.ch\/neu\/datenschutz\/\" \/>\r\n<meta property=\"og:locale\" content=\"de_DE\" \/>\r\n<meta property=\"og:type\" content=\"article\" \/>\r\n<meta property=\"og:title\" content=\"Datenschutz - EiTherm\" \/>\r\n<meta property=\"og:description\" content=\"Datenschutzerkl\u00e4rung: Erfahren Sie, wie wir Ihre Daten sch\u00fctzen und Ihre Privatsph\u00e4re wahren \u2013 transparent und verst\u00e4ndlich.\" \/>\r\n<meta property=\"og:url\" content=\"https:\/\/eitherm.ch\/neu\/datenschutz\/\" \/>\r\n<meta property=\"og:site_name\" content=\"EiTherm\" \/>\r\n<meta property=\"article:modified_time\" content=\"2026-02-16T14:03:52+00:00\" \/>\r\n<meta property=\"og:image\" content=\"https:\/\/eitherm.ch\/neu\/wp-content\/uploads\/boiler-geruest-5-min-scaled.jpg\" \/>\r\n\t<meta property=\"og:image:width\" content=\"2560\" \/>\r\n\t<meta property=\"og:image:height\" content=\"1920\" \/>\r\n\t<meta property=\"og:image:type\" content=\"image\/jpeg\" \/>\r\n<meta name=\"twitter:card\" content=\"summary_large_image\" \/>\r\n<meta name=\"twitter:label1\" content=\"Gesch\u00e4tzte Lesezeit\" \/>\n\t<meta name=\"twitter:data1\" content=\"4\u00a0Minuten\" \/>\r\n<script type=\"application\/ld+json\" class=\"yoast-schema-graph\">{\"@context\":\"https:\/\/schema.org\",\"@graph\":[{\"@type\":\"WebPage\",\"@id\":\"https:\/\/eitherm.ch\/neu\/datenschutz\/\",\"url\":\"https:\/\/eitherm.ch\/neu\/datenschutz\/\",\"name\":\"Datenschutz - EiTherm\",\"isPartOf\":{\"@id\":\"https:\/\/eitherm.ch\/neu\/#website\"},\"primaryImageOfPage\":{\"@id\":\"https:\/\/eitherm.ch\/neu\/datenschutz\/#primaryimage\"},\"image\":{\"@id\":\"https:\/\/eitherm.ch\/neu\/datenschutz\/#primaryimage\"},\"thumbnailUrl\":\"https:\/\/eitherm.ch\/neu\/wp-content\/uploads\/boiler-geruest-5-min-scaled.jpg\",\"datePublished\":\"2025-07-02T10:06:44+00:00\",\"dateModified\":\"2026-02-16T14:03:52+00:00\",\"description\":\"Datenschutzerkl\u00e4rung: Erfahren Sie, wie wir Ihre Daten sch\u00fctzen und Ihre Privatsph\u00e4re wahren \u2013 transparent und verst\u00e4ndlich.\",\"breadcrumb\":{\"@id\":\"https:\/\/eitherm.ch\/neu\/datenschutz\/#breadcrumb\"},\"inLanguage\":\"de-CH\",\"potentialAction\":[{\"@type\":\"ReadAction\",\"target\":[\"https:\/\/eitherm.ch\/neu\/datenschutz\/\"]}]},{\"@type\":\"ImageObject\",\"inLanguage\":\"de-CH\",\"@id\":\"https:\/\/eitherm.ch\/neu\/datenschutz\/#primaryimage\",\"url\":\"https:\/\/eitherm.ch\/neu\/wp-content\/uploads\/boiler-geruest-5-min-scaled.jpg\",\"contentUrl\":\"https:\/\/eitherm.ch\/neu\/wp-content\/uploads\/boiler-geruest-5-min-scaled.jpg\",\"width\":2560,\"height\":1920},{\"@type\":\"BreadcrumbList\",\"@id\":\"https:\/\/eitherm.ch\/neu\/datenschutz\/#breadcrumb\",\"itemListElement\":[{\"@type\":\"ListItem\",\"position\":1,\"name\":\"Startseite\",\"item\":\"https:\/\/eitherm.ch\/neu\/\"},{\"@type\":\"ListItem\",\"position\":2,\"name\":\"Datenschutz\"}]},{\"@type\":\"WebSite\",\"@id\":\"https:\/\/eitherm.ch\/neu\/#website\",\"url\":\"https:\/\/eitherm.ch\/neu\/\",\"name\":\"EiTherm\",\"description\":\"\",\"publisher\":{\"@id\":\"https:\/\/eitherm.ch\/neu\/#organization\"},\"potentialAction\":[{\"@type\":\"SearchAction\",\"target\":{\"@type\":\"EntryPoint\",\"urlTemplate\":\"https:\/\/eitherm.ch\/neu\/?s={search_term_string}\"},\"query-input\":{\"@type\":\"PropertyValueSpecification\",\"valueRequired\":true,\"valueName\":\"search_term_string\"}}],\"inLanguage\":\"de-CH\"},{\"@type\":\"Organization\",\"@id\":\"https:\/\/eitherm.ch\/neu\/#organization\",\"name\":\"EiTherm GmbH\",\"url\":\"https:\/\/eitherm.ch\/neu\/\",\"logo\":{\"@type\":\"ImageObject\",\"inLanguage\":\"de-CH\",\"@id\":\"https:\/\/eitherm.ch\/neu\/#\/schema\/logo\/image\/\",\"url\":\"https:\/\/eitherm.ch\/neu\/wp-content\/uploads\/logo-1-e1669223794913.png\",\"contentUrl\":\"https:\/\/eitherm.ch\/neu\/wp-content\/uploads\/logo-1-e1669223794913.png\",\"width\":48,\"height\":44,\"caption\":\"EiTherm GmbH\"},\"image\":{\"@id\":\"https:\/\/eitherm.ch\/neu\/#\/schema\/logo\/image\/\"}}]}<\/script>\r\n<!-- \/ Yoast SEO plugin. -->","yoast_head_json":{"title":"Datenschutz - EiTherm","description":"Datenschutzerkl\u00e4rung: Erfahren Sie, wie wir Ihre Daten sch\u00fctzen und Ihre Privatsph\u00e4re wahren \u2013 transparent und verst\u00e4ndlich.","robots":{"index":"index","follow":"follow","max-snippet":"max-snippet:-1","max-image-preview":"max-image-preview:large","max-video-preview":"max-video-preview:-1"},"canonical":"https:\/\/eitherm.ch\/neu\/datenschutz\/","og_locale":"de_DE","og_type":"article","og_title":"Datenschutz - EiTherm","og_description":"Datenschutzerkl\u00e4rung: Erfahren Sie, wie wir Ihre Daten sch\u00fctzen und Ihre Privatsph\u00e4re wahren \u2013 transparent und verst\u00e4ndlich.","og_url":"https:\/\/eitherm.ch\/neu\/datenschutz\/","og_site_name":"EiTherm","article_modified_time":"2026-02-16T14:03:52+00:00","og_image":[{"width":2560,"height":1920,"url":"https:\/\/eitherm.ch\/neu\/wp-content\/uploads\/boiler-geruest-5-min-scaled.jpg","type":"image\/jpeg"}],"twitter_card":"summary_large_image","twitter_misc":{"Gesch\u00e4tzte Lesezeit":"4\u00a0Minuten"},"schema":{"@context":"https:\/\/schema.org","@graph":[{"@type":"WebPage","@id":"https:\/\/eitherm.ch\/neu\/datenschutz\/","url":"https:\/\/eitherm.ch\/neu\/datenschutz\/","name":"Datenschutz - EiTherm","isPartOf":{"@id":"https:\/\/eitherm.ch\/neu\/#website"},"primaryImageOfPage":{"@id":"https:\/\/eitherm.ch\/neu\/datenschutz\/#primaryimage"},"image":{"@id":"https:\/\/eitherm.ch\/neu\/datenschutz\/#primaryimage"},"thumbnailUrl":"https:\/\/eitherm.ch\/neu\/wp-content\/uploads\/boiler-geruest-5-min-scaled.jpg","datePublished":"2025-07-02T10:06:44+00:00","dateModified":"2026-02-16T14:03:52+00:00","description":"Datenschutzerkl\u00e4rung: Erfahren Sie, wie wir Ihre Daten sch\u00fctzen und Ihre Privatsph\u00e4re wahren \u2013 transparent und verst\u00e4ndlich.","breadcrumb":{"@id":"https:\/\/eitherm.ch\/neu\/datenschutz\/#breadcrumb"},"inLanguage":"de-CH","potentialAction":[{"@type":"ReadAction","target":["https:\/\/eitherm.ch\/neu\/datenschutz\/"]}]},{"@type":"ImageObject","inLanguage":"de-CH","@id":"https:\/\/eitherm.ch\/neu\/datenschutz\/#primaryimage","url":"https:\/\/eitherm.ch\/neu\/wp-content\/uploads\/boiler-geruest-5-min-scaled.jpg","contentUrl":"https:\/\/eitherm.ch\/neu\/wp-content\/uploads\/boiler-geruest-5-min-scaled.jpg","width":2560,"height":1920},{"@type":"BreadcrumbList","@id":"https:\/\/eitherm.ch\/neu\/datenschutz\/#breadcrumb","itemListElement":[{"@type":"ListItem","position":1,"name":"Startseite","item":"https:\/\/eitherm.ch\/neu\/"},{"@type":"ListItem","position":2,"name":"Datenschutz"}]},{"@type":"WebSite","@id":"https:\/\/eitherm.ch\/neu\/#website","url":"https:\/\/eitherm.ch\/neu\/","name":"EiTherm","description":"","publisher":{"@id":"https:\/\/eitherm.ch\/neu\/#organization"},"potentialAction":[{"@type":"SearchAction","target":{"@type":"EntryPoint","urlTemplate":"https:\/\/eitherm.ch\/neu\/?s={search_term_string}"},"query-input":{"@type":"PropertyValueSpecification","valueRequired":true,"valueName":"search_term_string"}}],"inLanguage":"de-CH"},{"@type":"Organization","@id":"https:\/\/eitherm.ch\/neu\/#organization","name":"EiTherm GmbH","url":"https:\/\/eitherm.ch\/neu\/","logo":{"@type":"ImageObject","inLanguage":"de-CH","@id":"https:\/\/eitherm.ch\/neu\/#\/schema\/logo\/image\/","url":"https:\/\/eitherm.ch\/neu\/wp-content\/uploads\/logo-1-e1669223794913.png","contentUrl":"https:\/\/eitherm.ch\/neu\/wp-content\/uploads\/logo-1-e1669223794913.png","width":48,"height":44,"caption":"EiTherm GmbH"},"image":{"@id":"https:\/\/eitherm.ch\/neu\/#\/schema\/logo\/image\/"}}]}},"jetpack_sharing_enabled":true,"_links":{"self":[{"href":"https:\/\/eitherm.ch\/neu\/wp-json\/wp\/v2\/pages\/3106","targetHints":{"allow":["GET"]}}],"collection":[{"href":"https:\/\/eitherm.ch\/neu\/wp-json\/wp\/v2\/pages"}],"about":[{"href":"https:\/\/eitherm.ch\/neu\/wp-json\/wp\/v2\/types\/page"}],"author":[{"embeddable":true,"href":"https:\/\/eitherm.ch\/neu\/wp-json\/wp\/v2\/users\/1"}],"replies":[{"embeddable":true,"href":"https:\/\/eitherm.ch\/neu\/wp-json\/wp\/v2\/comments?post=3106"}],"version-history":[{"count":13,"href":"https:\/\/eitherm.ch\/neu\/wp-json\/wp\/v2\/pages\/3106\/revisions"}],"predecessor-version":[{"id":3484,"href":"https:\/\/eitherm.ch\/neu\/wp-json\/wp\/v2\/pages\/3106\/revisions\/3484"}],"wp:featuredmedia":[{"embeddable":true,"href":"https:\/\/eitherm.ch\/neu\/wp-json\/wp\/v2\/media\/1232"}],"wp:attachment":[{"href":"https:\/\/eitherm.ch\/neu\/wp-json\/wp\/v2\/media?parent=3106"}],"curies":[{"name":"wp","href":"https:\/\/api.w.org\/{rel}","templated":true}]}}