{"id":3093,"date":"2025-07-02T12:01:32","date_gmt":"2025-07-02T10:01:32","guid":{"rendered":"https:\/\/eitherm.ch\/neu\/?page_id=3093"},"modified":"2025-09-24T19:55:07","modified_gmt":"2025-09-24T17:55:07","slug":"agb","status":"publish","type":"page","link":"https:\/\/eitherm.ch\/neu\/agb\/","title":{"rendered":"AGB"},"content":{"rendered":"\t\t<div data-elementor-type=\"wp-page\" data-elementor-id=\"3093\" class=\"elementor elementor-3093\" data-elementor-post-type=\"page\">\n\t\t\t\t\t\t\t\t\t<section class=\"elementor-section elementor-top-section elementor-element elementor-element-2304bd9 elementor-section-full_width elementor-section-height-default elementor-section-height-default\" data-id=\"2304bd9\" data-element_type=\"section\" data-settings=\"{&quot;background_background&quot;:&quot;classic&quot;}\">\n\t\t\t\t\t\t\t<div class=\"elementor-background-overlay\"><\/div>\n\t\t\t\t\t\t\t<div class=\"elementor-container elementor-column-gap-default\">\n\t\t\t\t\t<div class=\"elementor-column elementor-col-100 elementor-top-column elementor-element elementor-element-65e86ac\" data-id=\"65e86ac\" data-element_type=\"column\">\n\t\t\t<div class=\"elementor-widget-wrap elementor-element-populated\">\n\t\t\t\t\t\t\t\t<div class=\"elementor-element elementor-element-f4976b6 elementor-widget elementor-widget-spacer\" data-id=\"f4976b6\" data-element_type=\"widget\" data-widget_type=\"spacer.default\">\n\t\t\t\t<div class=\"elementor-widget-container\">\n\t\t\t<style>\/*! elementor - v3.15.0 - 09-08-2023 *\/\n.elementor-column .elementor-spacer-inner{height:var(--spacer-size)}.e-con{--container-widget-width:100%}.e-con-inner>.elementor-widget-spacer,.e-con>.elementor-widget-spacer{width:var(--container-widget-width,var(--spacer-size));--align-self:var(--container-widget-align-self,initial);--flex-shrink:0}.e-con-inner>.elementor-widget-spacer>.elementor-widget-container,.e-con-inner>.elementor-widget-spacer>.elementor-widget-container>.elementor-spacer,.e-con>.elementor-widget-spacer>.elementor-widget-container,.e-con>.elementor-widget-spacer>.elementor-widget-container>.elementor-spacer{height:100%}.e-con-inner>.elementor-widget-spacer>.elementor-widget-container>.elementor-spacer>.elementor-spacer-inner,.e-con>.elementor-widget-spacer>.elementor-widget-container>.elementor-spacer>.elementor-spacer-inner{height:var(--container-widget-height,var(--spacer-size))}<\/style>\t\t<div class=\"elementor-spacer\">\n\t\t\t<div class=\"elementor-spacer-inner\"><\/div>\n\t\t<\/div>\n\t\t\t\t<\/div>\n\t\t\t\t<\/div>\n\t\t\t\t<section class=\"elementor-section elementor-inner-section elementor-element elementor-element-e0a492e elementor-section-full_width elementor-section-height-default elementor-section-height-default\" data-id=\"e0a492e\" data-element_type=\"section\">\n\t\t\t\t\t\t<div class=\"elementor-container elementor-column-gap-default\">\n\t\t\t\t\t<div class=\"elementor-column elementor-col-50 elementor-inner-column elementor-element elementor-element-71b5ccc\" data-id=\"71b5ccc\" data-element_type=\"column\">\n\t\t\t<div class=\"elementor-widget-wrap\">\n\t\t\t\t\t\t\t\t\t<\/div>\n\t\t<\/div>\n\t\t\t\t<div class=\"elementor-column elementor-col-50 elementor-inner-column elementor-element elementor-element-dcd9249\" data-id=\"dcd9249\" data-element_type=\"column\">\n\t\t\t<div class=\"elementor-widget-wrap elementor-element-populated\">\n\t\t\t\t\t\t\t\t<div class=\"elementor-element elementor-element-17a0a37 elementor-widget__width-initial elementor-widget elementor-widget-heading\" data-id=\"17a0a37\" data-element_type=\"widget\" data-widget_type=\"heading.default\">\n\t\t\t\t<div class=\"elementor-widget-container\">\n\t\t\t<style>\/*! elementor - v3.15.0 - 09-08-2023 *\/\n.elementor-heading-title{padding:0;margin:0;line-height:1}.elementor-widget-heading .elementor-heading-title[class*=elementor-size-]>a{color:inherit;font-size:inherit;line-height:inherit}.elementor-widget-heading .elementor-heading-title.elementor-size-small{font-size:15px}.elementor-widget-heading .elementor-heading-title.elementor-size-medium{font-size:19px}.elementor-widget-heading .elementor-heading-title.elementor-size-large{font-size:29px}.elementor-widget-heading .elementor-heading-title.elementor-size-xl{font-size:39px}.elementor-widget-heading .elementor-heading-title.elementor-size-xxl{font-size:59px}<\/style><h1 class=\"elementor-heading-title elementor-size-default\">AGB<\/h1>\t\t<\/div>\n\t\t\t\t<\/div>\n\t\t\t\t\t<\/div>\n\t\t<\/div>\n\t\t\t\t\t\t\t<\/div>\n\t\t<\/section>\n\t\t\t\t<div class=\"elementor-element elementor-element-f4530c7 elementor-widget elementor-widget-spacer\" data-id=\"f4530c7\" data-element_type=\"widget\" data-widget_type=\"spacer.default\">\n\t\t\t\t<div class=\"elementor-widget-container\">\n\t\t\t\t\t<div class=\"elementor-spacer\">\n\t\t\t<div class=\"elementor-spacer-inner\"><\/div>\n\t\t<\/div>\n\t\t\t\t<\/div>\n\t\t\t\t<\/div>\n\t\t\t\t\t<\/div>\n\t\t<\/div>\n\t\t\t\t\t\t\t<\/div>\n\t\t<\/section>\n\t\t\t\t<section class=\"elementor-section elementor-top-section elementor-element elementor-element-c56c84d elementor-section-boxed elementor-section-height-default elementor-section-height-default\" data-id=\"c56c84d\" data-element_type=\"section\">\n\t\t\t\t\t\t<div class=\"elementor-container elementor-column-gap-default\">\n\t\t\t\t\t<div class=\"elementor-column elementor-col-100 elementor-top-column elementor-element elementor-element-18eab91\" data-id=\"18eab91\" data-element_type=\"column\">\n\t\t\t<div class=\"elementor-widget-wrap elementor-element-populated\">\n\t\t\t\t\t\t\t\t<div class=\"elementor-element elementor-element-2135a56 elementor-widget elementor-widget-spacer\" data-id=\"2135a56\" data-element_type=\"widget\" data-widget_type=\"spacer.default\">\n\t\t\t\t<div class=\"elementor-widget-container\">\n\t\t\t\t\t<div class=\"elementor-spacer\">\n\t\t\t<div class=\"elementor-spacer-inner\"><\/div>\n\t\t<\/div>\n\t\t\t\t<\/div>\n\t\t\t\t<\/div>\n\t\t\t\t<div class=\"elementor-element elementor-element-83bbf59 elementor-widget__width-initial elementor-widget elementor-widget-heading\" data-id=\"83bbf59\" data-element_type=\"widget\" data-widget_type=\"heading.default\">\n\t\t\t\t<div class=\"elementor-widget-container\">\n\t\t\t<h1 class=\"elementor-heading-title elementor-size-default\">AGB<\/h1>\t\t<\/div>\n\t\t\t\t<\/div>\n\t\t\t\t<div class=\"elementor-element elementor-element-53bbad5 elementor-widget elementor-widget-spacer\" data-id=\"53bbad5\" data-element_type=\"widget\" data-widget_type=\"spacer.default\">\n\t\t\t\t<div class=\"elementor-widget-container\">\n\t\t\t\t\t<div class=\"elementor-spacer\">\n\t\t\t<div class=\"elementor-spacer-inner\"><\/div>\n\t\t<\/div>\n\t\t\t\t<\/div>\n\t\t\t\t<\/div>\n\t\t\t\t\t<\/div>\n\t\t<\/div>\n\t\t\t\t\t\t\t<\/div>\n\t\t<\/section>\n\t\t\t\t<section class=\"elementor-section elementor-top-section elementor-element elementor-element-d2e62b7 elementor-section-boxed elementor-section-height-default elementor-section-height-default\" data-id=\"d2e62b7\" data-element_type=\"section\">\n\t\t\t\t\t\t<div class=\"elementor-container elementor-column-gap-default\">\n\t\t\t\t\t<div class=\"elementor-column elementor-col-100 elementor-top-column elementor-element elementor-element-ae52ca2\" data-id=\"ae52ca2\" data-element_type=\"column\">\n\t\t\t<div class=\"elementor-widget-wrap elementor-element-populated\">\n\t\t\t\t\t\t\t\t<div class=\"elementor-element elementor-element-2150d2d elementor-widget elementor-widget-text-editor\" data-id=\"2150d2d\" data-element_type=\"widget\" data-widget_type=\"text-editor.default\">\n\t\t\t\t<div class=\"elementor-widget-container\">\n\t\t\t<style>\/*! elementor - v3.15.0 - 09-08-2023 *\/\n.elementor-widget-text-editor.elementor-drop-cap-view-stacked .elementor-drop-cap{background-color:#69727d;color:#fff}.elementor-widget-text-editor.elementor-drop-cap-view-framed .elementor-drop-cap{color:#69727d;border:3px solid;background-color:transparent}.elementor-widget-text-editor:not(.elementor-drop-cap-view-default) .elementor-drop-cap{margin-top:8px}.elementor-widget-text-editor:not(.elementor-drop-cap-view-default) .elementor-drop-cap-letter{width:1em;height:1em}.elementor-widget-text-editor .elementor-drop-cap{float:left;text-align:center;line-height:1;font-size:50px}.elementor-widget-text-editor .elementor-drop-cap-letter{display:inline-block}<\/style>\t\t\t\t<section class=\"col-xs-12 col-sm-push-3 col-sm-9 col_content\"><div id=\"content_td\" class=\"content_td shadow\"><div class=\"contenthaupt\"><h3>Allgemeine Verkaufs-, Liefer- und Gech\u00e4ftsbedingungen<\/h3><p>1. Allgemeines<br \/>F\u00fcr alle Materiallieferungen sind die nachstehenden Bedingungen g\u00fcltig, die durch die Auftragserteilung als anerkannt gelten. Abweichungen davon sind nur rechtskr\u00e4ftig, wenn sie von uns schriftlich best\u00e4tigt werden. Unsere Angebote sind freibleibend. Die in den Prospekten, Katalogen, Rundschreiben, Anzeigen, Preislisten oder in den zum Angebot geh\u00f6renden Unterlagen enthaltenen Angaben, Zeichnungen, Abbildungen, technische Daten, Gewichts-, Mass- und Leistungsbeschreibungen sind unverbindlich, es sei denn, dass sie von uns ausdr\u00fccklich als verbindlich best\u00e4tigt werden. An von uns gefertigten Abbildungen, Zeichnungen, Skizzen, Pl\u00e4nen, Prototypen, Mustern, Modellen, Entw\u00fcrfen und dergleichen sowie deren rechnerischen Grundlagen behalten wir uns alle Eigentums- und Urheberrechte vor. Sie d\u00fcrfen ohne unsere Zustimmung weder verwertet, noch Dritten zug\u00e4nglich gemacht werden.<\/p><p>2. Preise<br \/>Unsere Preise verstehen sich, soweit nicht anders vereinbart, ab Werk zuz\u00fcglich Transportpauschale f\u00fcr frei Haus bzw. Baustelle soweit befahrbar, exkl. Montage, zuz\u00fcglich Mehrwertsteuer, Preis\u00e4nderungen vorbehalten.<\/p><p>3. Lieferzeit und Termine<br \/>Die Lieferzeit beginnt am Tage der Klarstellung s\u00e4mtlicher Einzelheiten und Eingang \u00fcber alle Bedingungen des Auftrages. Sie wird so bemessen, dass sie bei ungehindertem Abgang der Fabrikation mit Wahrscheinlichkeit eingehalten werden kann. Rohstoffmangel, Stromsperren, Streik oder durch h\u00f6here Gewalt verursachte Betriebsst\u00f6rungen, sowohl im eigenen Betrieb, wie in fremden Werken, von denen die Herstellung abh\u00e4ngig ist, befreien von der Einhaltung bestimmter vereinbarter Lieferfristen und berechtigen uns, vom Auftrag ganz oder teilweise zur\u00fcckzutreten. Schadenersatzanspr\u00fcche irgendwelcher Art k\u00f6nnen nicht geltend gemacht werden.<\/p><p>4. Zahlungen<br \/>Prinzipiell liefern wir nur gegen Vorauskasse. Bei l\u00e4ngeren guten Zahlungserfahrungen gew\u00e4hren wir eine Zahlungsfrist von 10 Tagen, netto ohne Abzug. Diese kann bei Nichteinhaltung der 10 t\u00e4gigen Zahlungsfrist jederzeit wieder auf Vorauszahlung ge\u00e4ndert werden. <br \/>Ab dem 10 Tag Zahlungsverzug sind wir berechtigt, Verzugszinsen in der H\u00f6he von 12% j\u00e4hrlich zu berechnen. Hierdurch werden Anspr\u00fcche auf Ersatz h\u00f6herer Zinsen nicht beeintr\u00e4chtigt.<br \/>Kommt der K\u00e4ufer unserem Verlangen nicht oder nicht rechtzeitig nach, so sind wir berechtigt, vom Vertrag zur\u00fcckzutreten und Schadenersatz wegen Nichterf\u00fcllung zu verlangen. Im Falle der wesentlichen Verschlechterung der Verm\u00f6gensverh\u00e4ltnisse des K\u00e4ufers sind wir, wenn wir unsere Leistung bereits erbracht haben, berechtigt, noch nicht f\u00e4llige oder gestundete Forderungen sofort f\u00e4llig zu stellen oder geeignete Sicherheitsleistungen zu verlangen.<br \/>Kommt der K\u00e4ufer mit einer Teilleistung so in Verzug, so sind wir berechtigt, die gesamte Restforderung sofort f\u00e4llig zu stellen und mit Nachsetzen einer angemessenen Frist, verbunden mit einer Ablehnungsdrohung, vom Vertrag zur\u00fcckzutreten und Schadenersatz wegen Nichterf\u00fcllen zu verlagen.<br \/>Der K\u00e4ufer kann nicht wegen etwaiger Gegenanspr\u00fcche seine Leistung verweigern, zur\u00fcckbehalten oder mit Geldanspr\u00fcchen aufrechnen, es sei denn, dass die Gegenanspr\u00fcche von uns anerkannt oder rechtskr\u00e4ftig festgestellt sind.<\/p><p>5. Versand und Gefahren\u00fcbertragung<br \/>Unabh\u00e4ngig von der Art des Versandes und wer dessen Kosten tr\u00e4gt, reist die Ware auf Gefahr des K\u00e4ufers. Wir sind berechtigt jedoch nicht verpflichtet, Lieferungen im Namen und f\u00fcr Rechnung des K\u00e4ufers zu versichern.<\/p><p>6. Gew\u00e4hrleistung<br \/>Anwendungstechnische Beratung geben wir nach bestem Wissen aufgrund von Forschungsarbeiten und Erfahrungen unserer Lieferanten. Alle Angaben und Ausk\u00fcnfte \u00fcber Eignung und Anwendung unserer Waren sind jedoch unverbindlich und befreien den K\u00e4ufer nicht vor eigenen Pr\u00fcfungen und Untersuchungen, es sei denn, vertraglich ist die Verbindlichkeit derartiger Angaben und Ausk\u00fcnfte vereinbart. F\u00fcr die Beachtung gesetzlicher und beh\u00f6rdlicher Vorschriften bei Verwendung unserer Waren ist der K\u00e4ufer verantwortlich.<br \/>In jedem Fall gilt die Gew\u00e4hrleistung unserer Lieferanten. Die EiTherm GmbH bietet keine Gew\u00e4hrleistung, insbesondere bei Gesch\u00e4ftsaufgabe, Konkurs etc. unserer Lieferanten. Nachfolgend die Gew\u00e4hrleistung unserer Lieferanten: Bei M\u00e4ngeln, die rechtzeitig ger\u00fcgt worden sind, kann der K\u00e4ufer nur Nachbesserung und, wenn eine Nachbesserung nicht m\u00f6glich ist, nur Ersatzlieferung verlangen. Ist die M\u00e4ngelbeseitigung mit unverh\u00e4ltnism\u00e4ssigem Aufwand verbunden, so k\u00f6nnen wir sie ablehnen und der K\u00e4ufer kann nur verlangen, dass die Verg\u00fctung angemessen herabgesetzt wird. Ist Nachbesserung oder eine mangelfreie Ersatzlieferung nicht m\u00f6glich oder schlagen sie fehl, so kann der K\u00e4ufer R\u00fcckg\u00e4ngigmachung des Vertrages oder die angemessene Herabsetzung der Verg\u00fctung verlangen. Anspruch auf Schadenersatz wird ausgeschlossen. Dieser Ausschluss gilt nicht, wenn und soweit wir bestimmte Eigenschaften des Liefergegenstandes oder unserer Leistung vertraglich zugesichert haben. F\u00fcr Sch\u00e4den, die nicht am Liefergegenstand selbst entstanden sind, haften wir nicht, es sei denn, die ausdr\u00fcckliche Zusicherung einer Eigenschaft wurde zur Absicherung gegen derartige Sch\u00e4den erteilt.<br \/>Soweit nicht anders vereinbart, gelten folgende Garantiedauern ab Versanddatum:<br \/>Elektro- und Elektronikteile 1 Jahr<br \/>Beh\u00e4lter 3 Jahre<\/p><p>7. Eigentumsvorbehalt<br \/>Alle gelieferten oder sonst \u00fcbergebenen Waren bleiben bis zur Vollst\u00e4ndigen Bezahlung unser Eigentum. Ger\u00e4t der Auftraggeber in Zahlungsverzug, sind wir berechtigt, die in seinem Vorbehalteigentum stehenden Waren zur\u00fcckzunehmen, ohne dass dies einem R\u00fccktritt vom Vertrag gleichzustellen ist.<\/p><p>8. Gebrauchsanweisung<br \/>Soweit die Waren werkseitig mit einer Gebrauchsanweisung geliefert werden &#8211; als Gebrauchsanweisung z\u00e4hlen Einbauanleitungen, anwendungsbezogene Richtlinien und Betriebsanleitungen -, sind diese genauestens zu beachten und bei Weitergabe oder Einbau der Ware an bzw. durch Dritte diesen auszuh\u00e4ndigen und f\u00fcr deren genaue Beachtung zu sorgen. Bei Nichtbeachtung und Verstoss gegen die in diesem Paragraphen dem K\u00e4ufer obliegende Verpflichtung, entf\u00e4llt jegliche Gew\u00e4hrleistungsverpflichtung und jeder weitergehende Schadenersatz.<\/p><p>9. Erf\u00fcllungsort ist unser Sitz. <br \/>EiTherm GmbH<br \/>Steinacker<br \/>CH-8723 Rufi<\/p><p>10. Technische \u00c4nderungen bleiben vorbehalten; Abbildungen sind Symbolfotos.<\/p><p>Stand: 01.07.2018<\/p><\/div><\/div><\/section>\t\t\t\t\t\t<\/div>\n\t\t\t\t<\/div>\n\t\t\t\t\t<\/div>\n\t\t<\/div>\n\t\t\t\t\t\t\t<\/div>\n\t\t<\/section>\n\t\t\t\t\t\t\t<\/div>\n\t\t","protected":false},"excerpt":{"rendered":"<p>AGB AGB Allgemeine Verkaufs-, Liefer- und Gech\u00e4ftsbedingungen 1. AllgemeinesF\u00fcr alle Materiallieferungen sind die nachstehenden Bedingungen g\u00fcltig, die durch die Auftragserteilung als anerkannt gelten. Abweichungen davon sind nur rechtskr\u00e4ftig, wenn sie von uns schriftlich best\u00e4tigt werden. Unsere Angebote sind freibleibend. Die in den Prospekten, Katalogen, Rundschreiben, Anzeigen, Preislisten oder in den zum Angebot geh\u00f6renden Unterlagen enthaltenen [&hellip;]<\/p>\n","protected":false},"author":1,"featured_media":1232,"parent":0,"menu_order":0,"comment_status":"closed","ping_status":"closed","template":"elementor_header_footer","meta":{"footnotes":""},"class_list":["post-3093","page","type-page","status-publish","has-post-thumbnail","hentry"],"acf":[],"yoast_head":"<!-- This site is optimized with the Yoast SEO plugin v26.9 - https:\/\/yoast.com\/product\/yoast-seo-wordpress\/ -->\r\n<title>AGB - EiTherm<\/title>\r\n<meta name=\"robots\" content=\"index, follow, max-snippet:-1, max-image-preview:large, max-video-preview:-1\" \/>\r\n<link rel=\"canonical\" href=\"https:\/\/eitherm.ch\/neu\/agb\/\" \/>\r\n<meta property=\"og:locale\" content=\"de_DE\" \/>\r\n<meta property=\"og:type\" content=\"article\" \/>\r\n<meta property=\"og:title\" content=\"AGB - EiTherm\" \/>\r\n<meta property=\"og:description\" content=\"AGB AGB Allgemeine Verkaufs-, Liefer- und Gech\u00e4ftsbedingungen 1. AllgemeinesF\u00fcr alle Materiallieferungen sind die nachstehenden Bedingungen g\u00fcltig, die durch die Auftragserteilung als anerkannt gelten. Abweichungen davon sind nur rechtskr\u00e4ftig, wenn sie von uns schriftlich best\u00e4tigt werden. Unsere Angebote sind freibleibend. Die in den Prospekten, Katalogen, Rundschreiben, Anzeigen, Preislisten oder in den zum Angebot geh\u00f6renden Unterlagen enthaltenen [&hellip;]\" \/>\r\n<meta property=\"og:url\" content=\"https:\/\/eitherm.ch\/neu\/agb\/\" \/>\r\n<meta property=\"og:site_name\" content=\"EiTherm\" \/>\r\n<meta property=\"article:modified_time\" content=\"2025-09-24T17:55:07+00:00\" \/>\r\n<meta property=\"og:image\" content=\"https:\/\/eitherm.ch\/neu\/wp-content\/uploads\/boiler-geruest-5-min-scaled.jpg\" \/>\r\n\t<meta property=\"og:image:width\" content=\"2560\" \/>\r\n\t<meta property=\"og:image:height\" content=\"1920\" \/>\r\n\t<meta property=\"og:image:type\" content=\"image\/jpeg\" \/>\r\n<meta name=\"twitter:card\" content=\"summary_large_image\" \/>\r\n<meta name=\"twitter:label1\" content=\"Gesch\u00e4tzte Lesezeit\" \/>\n\t<meta name=\"twitter:data1\" content=\"4\u00a0Minuten\" \/>\r\n<script type=\"application\/ld+json\" class=\"yoast-schema-graph\">{\"@context\":\"https:\/\/schema.org\",\"@graph\":[{\"@type\":\"WebPage\",\"@id\":\"https:\/\/eitherm.ch\/neu\/agb\/\",\"url\":\"https:\/\/eitherm.ch\/neu\/agb\/\",\"name\":\"AGB - EiTherm\",\"isPartOf\":{\"@id\":\"https:\/\/eitherm.ch\/neu\/#website\"},\"primaryImageOfPage\":{\"@id\":\"https:\/\/eitherm.ch\/neu\/agb\/#primaryimage\"},\"image\":{\"@id\":\"https:\/\/eitherm.ch\/neu\/agb\/#primaryimage\"},\"thumbnailUrl\":\"https:\/\/eitherm.ch\/neu\/wp-content\/uploads\/boiler-geruest-5-min-scaled.jpg\",\"datePublished\":\"2025-07-02T10:01:32+00:00\",\"dateModified\":\"2025-09-24T17:55:07+00:00\",\"breadcrumb\":{\"@id\":\"https:\/\/eitherm.ch\/neu\/agb\/#breadcrumb\"},\"inLanguage\":\"de-CH\",\"potentialAction\":[{\"@type\":\"ReadAction\",\"target\":[\"https:\/\/eitherm.ch\/neu\/agb\/\"]}]},{\"@type\":\"ImageObject\",\"inLanguage\":\"de-CH\",\"@id\":\"https:\/\/eitherm.ch\/neu\/agb\/#primaryimage\",\"url\":\"https:\/\/eitherm.ch\/neu\/wp-content\/uploads\/boiler-geruest-5-min-scaled.jpg\",\"contentUrl\":\"https:\/\/eitherm.ch\/neu\/wp-content\/uploads\/boiler-geruest-5-min-scaled.jpg\",\"width\":2560,\"height\":1920},{\"@type\":\"BreadcrumbList\",\"@id\":\"https:\/\/eitherm.ch\/neu\/agb\/#breadcrumb\",\"itemListElement\":[{\"@type\":\"ListItem\",\"position\":1,\"name\":\"Startseite\",\"item\":\"https:\/\/eitherm.ch\/neu\/\"},{\"@type\":\"ListItem\",\"position\":2,\"name\":\"AGB\"}]},{\"@type\":\"WebSite\",\"@id\":\"https:\/\/eitherm.ch\/neu\/#website\",\"url\":\"https:\/\/eitherm.ch\/neu\/\",\"name\":\"EiTherm\",\"description\":\"\",\"publisher\":{\"@id\":\"https:\/\/eitherm.ch\/neu\/#organization\"},\"potentialAction\":[{\"@type\":\"SearchAction\",\"target\":{\"@type\":\"EntryPoint\",\"urlTemplate\":\"https:\/\/eitherm.ch\/neu\/?s={search_term_string}\"},\"query-input\":{\"@type\":\"PropertyValueSpecification\",\"valueRequired\":true,\"valueName\":\"search_term_string\"}}],\"inLanguage\":\"de-CH\"},{\"@type\":\"Organization\",\"@id\":\"https:\/\/eitherm.ch\/neu\/#organization\",\"name\":\"EiTherm GmbH\",\"url\":\"https:\/\/eitherm.ch\/neu\/\",\"logo\":{\"@type\":\"ImageObject\",\"inLanguage\":\"de-CH\",\"@id\":\"https:\/\/eitherm.ch\/neu\/#\/schema\/logo\/image\/\",\"url\":\"https:\/\/eitherm.ch\/neu\/wp-content\/uploads\/logo-1-e1669223794913.png\",\"contentUrl\":\"https:\/\/eitherm.ch\/neu\/wp-content\/uploads\/logo-1-e1669223794913.png\",\"width\":48,\"height\":44,\"caption\":\"EiTherm GmbH\"},\"image\":{\"@id\":\"https:\/\/eitherm.ch\/neu\/#\/schema\/logo\/image\/\"}}]}<\/script>\r\n<!-- \/ Yoast SEO plugin. -->","yoast_head_json":{"title":"AGB - EiTherm","robots":{"index":"index","follow":"follow","max-snippet":"max-snippet:-1","max-image-preview":"max-image-preview:large","max-video-preview":"max-video-preview:-1"},"canonical":"https:\/\/eitherm.ch\/neu\/agb\/","og_locale":"de_DE","og_type":"article","og_title":"AGB - EiTherm","og_description":"AGB AGB Allgemeine Verkaufs-, Liefer- und Gech\u00e4ftsbedingungen 1. AllgemeinesF\u00fcr alle Materiallieferungen sind die nachstehenden Bedingungen g\u00fcltig, die durch die Auftragserteilung als anerkannt gelten. Abweichungen davon sind nur rechtskr\u00e4ftig, wenn sie von uns schriftlich best\u00e4tigt werden. Unsere Angebote sind freibleibend. Die in den Prospekten, Katalogen, Rundschreiben, Anzeigen, Preislisten oder in den zum Angebot geh\u00f6renden Unterlagen enthaltenen [&hellip;]","og_url":"https:\/\/eitherm.ch\/neu\/agb\/","og_site_name":"EiTherm","article_modified_time":"2025-09-24T17:55:07+00:00","og_image":[{"width":2560,"height":1920,"url":"https:\/\/eitherm.ch\/neu\/wp-content\/uploads\/boiler-geruest-5-min-scaled.jpg","type":"image\/jpeg"}],"twitter_card":"summary_large_image","twitter_misc":{"Gesch\u00e4tzte Lesezeit":"4\u00a0Minuten"},"schema":{"@context":"https:\/\/schema.org","@graph":[{"@type":"WebPage","@id":"https:\/\/eitherm.ch\/neu\/agb\/","url":"https:\/\/eitherm.ch\/neu\/agb\/","name":"AGB - EiTherm","isPartOf":{"@id":"https:\/\/eitherm.ch\/neu\/#website"},"primaryImageOfPage":{"@id":"https:\/\/eitherm.ch\/neu\/agb\/#primaryimage"},"image":{"@id":"https:\/\/eitherm.ch\/neu\/agb\/#primaryimage"},"thumbnailUrl":"https:\/\/eitherm.ch\/neu\/wp-content\/uploads\/boiler-geruest-5-min-scaled.jpg","datePublished":"2025-07-02T10:01:32+00:00","dateModified":"2025-09-24T17:55:07+00:00","breadcrumb":{"@id":"https:\/\/eitherm.ch\/neu\/agb\/#breadcrumb"},"inLanguage":"de-CH","potentialAction":[{"@type":"ReadAction","target":["https:\/\/eitherm.ch\/neu\/agb\/"]}]},{"@type":"ImageObject","inLanguage":"de-CH","@id":"https:\/\/eitherm.ch\/neu\/agb\/#primaryimage","url":"https:\/\/eitherm.ch\/neu\/wp-content\/uploads\/boiler-geruest-5-min-scaled.jpg","contentUrl":"https:\/\/eitherm.ch\/neu\/wp-content\/uploads\/boiler-geruest-5-min-scaled.jpg","width":2560,"height":1920},{"@type":"BreadcrumbList","@id":"https:\/\/eitherm.ch\/neu\/agb\/#breadcrumb","itemListElement":[{"@type":"ListItem","position":1,"name":"Startseite","item":"https:\/\/eitherm.ch\/neu\/"},{"@type":"ListItem","position":2,"name":"AGB"}]},{"@type":"WebSite","@id":"https:\/\/eitherm.ch\/neu\/#website","url":"https:\/\/eitherm.ch\/neu\/","name":"EiTherm","description":"","publisher":{"@id":"https:\/\/eitherm.ch\/neu\/#organization"},"potentialAction":[{"@type":"SearchAction","target":{"@type":"EntryPoint","urlTemplate":"https:\/\/eitherm.ch\/neu\/?s={search_term_string}"},"query-input":{"@type":"PropertyValueSpecification","valueRequired":true,"valueName":"search_term_string"}}],"inLanguage":"de-CH"},{"@type":"Organization","@id":"https:\/\/eitherm.ch\/neu\/#organization","name":"EiTherm GmbH","url":"https:\/\/eitherm.ch\/neu\/","logo":{"@type":"ImageObject","inLanguage":"de-CH","@id":"https:\/\/eitherm.ch\/neu\/#\/schema\/logo\/image\/","url":"https:\/\/eitherm.ch\/neu\/wp-content\/uploads\/logo-1-e1669223794913.png","contentUrl":"https:\/\/eitherm.ch\/neu\/wp-content\/uploads\/logo-1-e1669223794913.png","width":48,"height":44,"caption":"EiTherm GmbH"},"image":{"@id":"https:\/\/eitherm.ch\/neu\/#\/schema\/logo\/image\/"}}]}},"jetpack_sharing_enabled":true,"_links":{"self":[{"href":"https:\/\/eitherm.ch\/neu\/wp-json\/wp\/v2\/pages\/3093","targetHints":{"allow":["GET"]}}],"collection":[{"href":"https:\/\/eitherm.ch\/neu\/wp-json\/wp\/v2\/pages"}],"about":[{"href":"https:\/\/eitherm.ch\/neu\/wp-json\/wp\/v2\/types\/page"}],"author":[{"embeddable":true,"href":"https:\/\/eitherm.ch\/neu\/wp-json\/wp\/v2\/users\/1"}],"replies":[{"embeddable":true,"href":"https:\/\/eitherm.ch\/neu\/wp-json\/wp\/v2\/comments?post=3093"}],"version-history":[{"count":10,"href":"https:\/\/eitherm.ch\/neu\/wp-json\/wp\/v2\/pages\/3093\/revisions"}],"predecessor-version":[{"id":3148,"href":"https:\/\/eitherm.ch\/neu\/wp-json\/wp\/v2\/pages\/3093\/revisions\/3148"}],"wp:featuredmedia":[{"embeddable":true,"href":"https:\/\/eitherm.ch\/neu\/wp-json\/wp\/v2\/media\/1232"}],"wp:attachment":[{"href":"https:\/\/eitherm.ch\/neu\/wp-json\/wp\/v2\/media?parent=3093"}],"curies":[{"name":"wp","href":"https:\/\/api.w.org\/{rel}","templated":true}]}}